{"id":5077,"date":"2025-10-17T11:50:25","date_gmt":"2025-10-17T09:50:25","guid":{"rendered":"https:\/\/uncaprichoproducciones.online\/politica-de-privacidad\/"},"modified":"2026-01-13T16:35:04","modified_gmt":"2026-01-13T14:35:04","slug":"politica-de-privacitat","status":"publish","type":"page","link":"https:\/\/uncaprichoproducciones.com\/ca\/politica-de-privacitat\/","title":{"rendered":"Pol\u00edtica de privacitat"},"content":{"rendered":"\t\t<div data-elementor-type=\"wp-page\" data-elementor-id=\"5077\" class=\"elementor elementor-5077 elementor-4155\" data-elementor-post-type=\"page\">\n\t\t\t\t\t\t<section data-lqd-custom-cursor=\"true\" class=\"elementor-section elementor-top-section elementor-element elementor-element-ed298ce elementor-section-content-middle elementor-section-boxed elementor-section-height-default elementor-section-height-default\" data-id=\"ed298ce\" data-element_type=\"section\" data-e-type=\"section\" data-settings=\"{&quot;background_background&quot;:&quot;classic&quot;}\">\n\t\t\t\t\t\t\t<div class=\"elementor-background-overlay\"><\/div>\n\t\t\t\t\t\t\t<div class=\"elementor-container elementor-column-gap-no\">\n\t\t\t\t\t<div data-custom-animations=\"true\" data-ca-options=\"{&quot;addChildTimelines&quot;:false,&quot;trigger&quot;:&quot;firstChild&quot;,&quot;animationTarget&quot;:&quot;:scope &gt; .elementor-widget-wrap &gt; .elementor-element &gt; .elementor-widget-container, :scope &gt; .elementor-widget-wrap &gt; .elementor-section &gt; .elementor-container &gt; .elementor-column &gt; .elementor-widget-wrap &gt; .elementor-element:not(.lqd-el-has-inner-anim) &gt; .elementor-widget-container, :scope &gt; .elementor-widget-wrap &gt; .elementor-widget-hub_fancy_heading .lqd-split-lines .lqd-lines .split-inner, :scope &gt; .elementor-widget-wrap &gt; .elementor-widget-hub_fancy_heading .lqd-split-words .lqd-words .split-inner, :scope &gt; .elementor-widget-wrap &gt; .elementor-widget-hub_fancy_heading .lqd-split-chars .lqd-chars .split-inner, :scope &gt; .elementor-widget-wrap &gt; .elementor-widget-ld_custom_menu .lqd-fancy-menu &gt; ul &gt; li&quot;,&quot;startDelay&quot;:800,&quot;ease&quot;:[&quot;power4.out&quot;],&quot;initValues&quot;:{&quot;y&quot;:&quot;25px&quot;,&quot;opacity&quot;:0,&quot;transformOrigin&quot;:&quot;50% 50% 0px&quot;},&quot;animations&quot;:{&quot;y&quot;:&quot;0px&quot;,&quot;opacity&quot;:1,&quot;transformOrigin&quot;:&quot;50% 50% 0px&quot;}}\" class=\"elementor-column elementor-col-100 elementor-top-column elementor-element elementor-element-ffc1541\" data-id=\"ffc1541\" data-element_type=\"column\" data-e-type=\"column\">\n\t\t\t<div class=\"elementor-widget-wrap elementor-element-populated\">\n\t\t\t\t\t\t<div class=\"elementor-element elementor-element-9f9e1f2 elementor-widget elementor-widget-spacer\" data-id=\"9f9e1f2\" data-element_type=\"widget\" data-e-type=\"widget\" data-widget_type=\"spacer.default\">\n\t\t\t\t\t\t\t<div class=\"elementor-spacer\">\n\t\t\t<div class=\"elementor-spacer-inner\"><\/div>\n\t\t<\/div>\n\t\t\t\t\t\t<\/div>\n\t\t\t\t<div class=\"elementor-element elementor-element-4fddbc0 elementor-widget elementor-widget-heading\" data-id=\"4fddbc0\" data-element_type=\"widget\" data-e-type=\"widget\" data-widget_type=\"heading.default\">\n\t\t\t\t\t<h2 class=\"elementor-heading-title elementor-size-default\">Pol\u00edtica de privacitat<\/h2>\t\t\t\t<\/div>\n\t\t\t\t<div class=\"elementor-element elementor-element-9ec8d5c elementor-widget elementor-widget-spacer\" data-id=\"9ec8d5c\" data-element_type=\"widget\" data-e-type=\"widget\" data-widget_type=\"spacer.default\">\n\t\t\t\t\t\t\t<div class=\"elementor-spacer\">\n\t\t\t<div class=\"elementor-spacer-inner\"><\/div>\n\t\t<\/div>\n\t\t\t\t\t\t<\/div>\n\t\t\t\t\t<\/div>\n\t\t<\/div>\n\t\t\t\t\t<\/div>\n\t\t<\/section>\n\t\t<div class=\"elementor-element elementor-element-e84b480 e-flex e-con-boxed e-con e-parent\" data-id=\"e84b480\" data-element_type=\"container\" data-e-type=\"container\">\n\t\t\t\t\t<div class=\"e-con-inner\">\n\t\t\t\t<div class=\"elementor-element elementor-element-086ce95 elementor-widget elementor-widget-text-editor\" data-id=\"086ce95\" data-element_type=\"widget\" data-e-type=\"widget\" data-widget_type=\"text-editor.default\">\n\t\t\t\t\t\t\t\t\t<p style=\"text-align: justify;\"><strong>Informaci\u00f3 sobre Protecci\u00f3 de Dades<\/strong><\/p><p style=\"text-align: justify;\">Dades relatives al Responsable<br \/>Tractament responsable<br \/>Empresa: <strong>UN CAPRICHO DE PRODUCCIONES<\/strong> \u2013 <strong>B64795453<\/strong> \u2013 B64795453<br \/>Adre\u00e7a: <strong>Pla\u00e7a del Bonsucc\u00e9s, 7, Ent. 2a 08001 Barcelona<\/strong><\/p><p style=\"text-align: justify;\">Delegat de Protecci\u00f3 de Dades<br \/>N\u00famero:<br \/>Contacte:<\/p><p style=\"text-align: justify;\"><strong>Finalitats<\/strong><\/p><p style=\"text-align: justify;\">En compliment del que disposa el Reglament Europeu 2016\/679 General de Protecci\u00f3 de Dades, us informem que, depenent de la relaci\u00f3 que tingueu amb nosaltres, en <strong>UN CAPRICHO DE PRODUCCIONES<\/strong> tractem les dades que ens facilita per a alguna, o totes, les seg\u00fcents finalitats:<\/p><ul style=\"text-align: justify;\"><li>Arxiu\/historial de treballadors i treballadors de l&#8217;empresa<\/li><li>Compra\/venda darticles i serveis.<\/li><li>Control i supervisi\u00f3 de l&#8217;efici\u00e8ncia i la qualitat de l&#8217;entitat.<\/li><li>Control i vigil\u00e0ncia d&#8217;acc\u00e9s a llocs.<\/li><li>Coordinaci\u00f3 d&#8217;activitats empresarials.<\/li><li>Creaci\u00f3 de contractes, confecci\u00f3 de n\u00f2mines i altres tasques relacionades.<\/li><li>Enviament d&#8217;informaci\u00f3 comercial de l&#8217;entitat mitjan\u00e7ant correu postal, correu electr\u00f2nic o d&#8217;altres<\/li><li>Formaci\u00f3.<\/li><li>Gesti\u00f3 comptable, administrativa, de facturaci\u00f3, de cobraments i pagaments.<\/li><li>Manteniment de la relaci\u00f3 laboral i contra-prestaci\u00f3 pels treballs realitzats.<\/li><li>Donar-li un servei.<\/li><li>Publicaci\u00f3 en dades de car\u00e0cter personal a les diferents xarxes socials o altres m\u00e8todes de publicaci\u00f3.<\/li><li>Realitzaci\u00f3 de cobrament mitjan\u00e7ant TPV.<br \/>ealitzaci\u00f3 d&#8217;un curs\/formaci\u00f3 mitjan\u00e7ant la p\u00e0gina web\/plataforma.<\/li><li>Recepci\u00f3 de la prestaci\u00f3 d&#8217;un servei.<\/li><li>Registre de cursos \/ formacions realitzades<br \/>Seguretat de lentitat.<\/li><li>Servei postvenda i fidelitzaci\u00f3.<\/li><li>Tramitaci\u00f3 d&#8217;altes i baixes per malaltia o accident laboral.<\/li><li>Tramitaci\u00f3 de pressupostos.<\/li><li>Tractament de dades per a cursos i formacions.<\/li><li>Utilitzaci\u00f3 de dades derivades de les activitats de l&#8217;empresa.<\/li><\/ul><p style=\"text-align: justify;\"><strong>Termini de conservaci\u00f3 de la informaci\u00f3<\/strong><\/p><p style=\"text-align: justify;\">Les vostres dades seran conservades durant la durada de la relaci\u00f3 contractual, comercial o d&#8217;un altre tipus amb la nostra entitat, sol\u00b7licitar-ne la supressi\u00f3, aix\u00ed com el temps necessari per complir les obligacions legals.<\/p><p style=\"text-align: justify;\"><strong>Legitimaci\u00f3<\/strong><\/p><p style=\"text-align: justify;\">La base legal per al tractament de les vostres dades radica en:<\/p><ul style=\"text-align: justify;\"><li>Consentiment inequ\u00edvoc.<\/li><li>Execuci\u00f3 d&#8217;un contracte.<\/li><li>Inter\u00e8s leg\u00edtim per part del responsable del tractament.<\/li><li>Protegir l&#8217;inter\u00e8s vital d&#8217;un afectat.<\/li><\/ul><p style=\"text-align: justify;\"><strong>Destinataris<\/strong><\/p><p style=\"text-align: justify;\">Les vostres dades personals seran comunicades a tercers en els sup\u00f2sits seg\u00fcents:<\/p><ul style=\"text-align: justify;\"><li>A altres responsables del tractament.<\/li><li>Administraci\u00f3 Tribut\u00e0ria<br \/>Ag\u00e8ncia de Seguretat.<\/li><li>Bancs i entitats financeres.<\/li><li>Encarregats de destrucci\u00f3 de documentaci\u00f3.<\/li><li>Entitats de Consultoria \/ Auditoria.<\/li><li>Entitats de formaci\u00f3.<\/li><li>Entitats de publicitat i m\u00e0rqueting.<\/li><li>Entitats inform\u00e0tiques de manteniment de programari i maquinari.<\/li><li>Gestoria \/ Assessoria.<\/li><li>Seguretat social.<\/li><li>Servei de Prevenci\u00f3 de Riscos Laborals.<\/li><\/ul><p style=\"text-align: justify;\"><strong>Drets<\/strong><\/p><p style=\"text-align: justify;\">Tens dret a obtenir la confirmaci\u00f3 sobre si a <strong>UN CAPRICHO DE PRODUCCIONS<\/strong> estem tractant dades personals que li interessen, o no.<\/p><p style=\"text-align: justify;\">Aix\u00ed mateix, teniu dret d&#8217;acc\u00e9s a les vostres dades personals, aix\u00ed com a sol\u00b7licitar la rectificaci\u00f3 de les dades inexactes o, si escau, sol\u00b7licitar-ne la supressi\u00f3 quan, entre altres motius, les dades ja no s\u00f3n necess\u00e0ries per als fins recollits.<\/p><p style=\"text-align: justify;\">En determinades circumst\u00e0ncies, es podr\u00e0 sol\u00b7licitar la limitaci\u00f3 del tractament de les vostres dades, en cas que nom\u00e9s es conservaran per l&#8217;exercici o la defensa de reclamacions.<\/p><p style=\"text-align: justify;\">Addicionalment, en determinades circumst\u00e0ncies i per motius relacionats amb la vostra situaci\u00f3 particular, podreu exercir el dret d&#8217;oposici\u00f3 al tractament de les vostres dades. <strong>UN CAPRICHO DE PRODUCCIONS<\/strong> deixar\u00e0 de tractar les dades, excepte per motius leg\u00edtims imperatius, o l&#8217;exercici o la defensa de possibles reclamacions.<\/p><p style=\"text-align: justify;\">Aix\u00ed mateix, es pot exercir el dret a la portabilitat de dades, aix\u00ed com retirar els consentiments facilitats en qualsevol moment, sense que aix\u00f2 afecti la legalitat del tractament basada en el consentiment previ a la seva retirada.<\/p><p style=\"text-align: justify;\">Alternativament, tamb\u00e9 es pot adre\u00e7ar a nosaltres mitjan\u00e7ant correu postal a la seg\u00fcent adre\u00e7a: <strong>Pla\u00e7a del Bonsucc\u00e9s, 7, Ent. 2a 08001 Barcelona<\/strong> adjuntant una fotoc\u00f2pia del DNI, per a la verificaci\u00f3 de la seva identitat. Recordeu facilitar la darrera informaci\u00f3 possible sobre la vostra sol\u00b7licitud: Nom i cognoms, adre\u00e7a d&#8217;adre\u00e7a electr\u00f2nica que s&#8217;utilitza per a l&#8217;adre\u00e7a o portal objecte de la vostra sol\u00b7licitud.<\/p><p style=\"text-align: justify;\">Finalment, us informem que us podeu adre\u00e7ar davant l&#8217;Ag\u00e8ncia Espanyola de Protecci\u00f3 de Dades i altres organismes p\u00fablics competents per a qualsevol reclamaci\u00f3 derivada del tractament de les vostres dades personals.<\/p><p style=\"text-align: justify;\"><strong>Pol\u00edtica de cookies<\/strong><\/p><p style=\"text-align: justify;\">Per con\u00e8ixer les cookies que utilitzem a la nostra p\u00e0gina, recordeu que podeu accedir a la nostra Pol\u00edtica de Cookies a trav\u00e9s del seg\u00fcent enlla\u00e7 pol\u00edtica de cookies.<\/p>\t\t\t\t\t\t\t\t<\/div>\n\t\t\t\t\t<\/div>\n\t\t\t\t<\/div>\n\t\t\t\t<\/div>\n\t\t","protected":false},"excerpt":{"rendered":"<p>Informaci\u00f3 sobre Protecci\u00f3 de Dades Dades relatives al ResponsableTractament responsableEmpresa: UN CAPRICHO DE PRODUCCIONES \u2013 B64795453 \u2013 B64795453Adre\u00e7a: Pla\u00e7a del Bonsucc\u00e9s, 7, Ent. 2a 08001 Barcelona Delegat de Protecci\u00f3 de DadesN\u00famero:Contacte: Finalitats En compliment del que disposa el Reglament Europeu 2016\/679 General de Protecci\u00f3 de Dades, us informem que, depenent de la relaci\u00f3 que tingueu [&hellip;]<\/p>\n","protected":false},"author":1,"featured_media":0,"parent":0,"menu_order":97,"comment_status":"closed","ping_status":"closed","template":"elementor_header_footer","meta":{"_monsterinsights_skip_tracking":false,"_monsterinsights_sitenote_active":false,"_monsterinsights_sitenote_note":"","_monsterinsights_sitenote_category":0,"footnotes":""},"class_list":["post-5077","page","type-page","status-publish","hentry"],"aioseo_notices":[],"_links":{"self":[{"href":"https:\/\/uncaprichoproducciones.com\/ca\/wp-json\/wp\/v2\/pages\/5077","targetHints":{"allow":["GET"]}}],"collection":[{"href":"https:\/\/uncaprichoproducciones.com\/ca\/wp-json\/wp\/v2\/pages"}],"about":[{"href":"https:\/\/uncaprichoproducciones.com\/ca\/wp-json\/wp\/v2\/types\/page"}],"author":[{"embeddable":true,"href":"https:\/\/uncaprichoproducciones.com\/ca\/wp-json\/wp\/v2\/users\/1"}],"replies":[{"embeddable":true,"href":"https:\/\/uncaprichoproducciones.com\/ca\/wp-json\/wp\/v2\/comments?post=5077"}],"version-history":[{"count":0,"href":"https:\/\/uncaprichoproducciones.com\/ca\/wp-json\/wp\/v2\/pages\/5077\/revisions"}],"wp:attachment":[{"href":"https:\/\/uncaprichoproducciones.com\/ca\/wp-json\/wp\/v2\/media?parent=5077"}],"curies":[{"name":"wp","href":"https:\/\/api.w.org\/{rel}","templated":true}]}}