{"id":5079,"date":"2025-10-17T11:50:36","date_gmt":"2025-10-17T09:50:36","guid":{"rendered":"https:\/\/uncaprichoproducciones.online\/aviso-legal\/"},"modified":"2026-01-13T16:35:11","modified_gmt":"2026-01-13T14:35:11","slug":"avis-legal","status":"publish","type":"page","link":"https:\/\/uncaprichoproducciones.com\/ca\/avis-legal\/","title":{"rendered":"Av\u00eds Legal"},"content":{"rendered":"\t\t<div data-elementor-type=\"wp-page\" data-elementor-id=\"5079\" class=\"elementor elementor-5079 elementor-4156\" data-elementor-post-type=\"page\">\n\t\t\t\t\t\t<section data-lqd-custom-cursor=\"true\" class=\"elementor-section elementor-top-section elementor-element elementor-element-74c987a elementor-section-content-middle elementor-section-boxed elementor-section-height-default elementor-section-height-default\" data-id=\"74c987a\" data-element_type=\"section\" data-e-type=\"section\" data-settings=\"{&quot;background_background&quot;:&quot;classic&quot;}\">\n\t\t\t\t\t\t\t<div class=\"elementor-background-overlay\"><\/div>\n\t\t\t\t\t\t\t<div class=\"elementor-container elementor-column-gap-no\">\n\t\t\t\t\t<div data-custom-animations=\"true\" data-ca-options=\"{&quot;addChildTimelines&quot;:false,&quot;trigger&quot;:&quot;firstChild&quot;,&quot;animationTarget&quot;:&quot;:scope &gt; .elementor-widget-wrap &gt; .elementor-element &gt; .elementor-widget-container, :scope &gt; .elementor-widget-wrap &gt; .elementor-section &gt; .elementor-container &gt; .elementor-column &gt; .elementor-widget-wrap &gt; .elementor-element:not(.lqd-el-has-inner-anim) &gt; .elementor-widget-container, :scope &gt; .elementor-widget-wrap &gt; .elementor-widget-hub_fancy_heading .lqd-split-lines .lqd-lines .split-inner, :scope &gt; .elementor-widget-wrap &gt; .elementor-widget-hub_fancy_heading .lqd-split-words .lqd-words .split-inner, :scope &gt; .elementor-widget-wrap &gt; .elementor-widget-hub_fancy_heading .lqd-split-chars .lqd-chars .split-inner, :scope &gt; .elementor-widget-wrap &gt; .elementor-widget-ld_custom_menu .lqd-fancy-menu &gt; ul &gt; li&quot;,&quot;startDelay&quot;:800,&quot;ease&quot;:[&quot;power4.out&quot;],&quot;initValues&quot;:{&quot;y&quot;:&quot;25px&quot;,&quot;opacity&quot;:0,&quot;transformOrigin&quot;:&quot;50% 50% 0px&quot;},&quot;animations&quot;:{&quot;y&quot;:&quot;0px&quot;,&quot;opacity&quot;:1,&quot;transformOrigin&quot;:&quot;50% 50% 0px&quot;}}\" class=\"elementor-column elementor-col-100 elementor-top-column elementor-element elementor-element-0455c38\" data-id=\"0455c38\" data-element_type=\"column\" data-e-type=\"column\">\n\t\t\t<div class=\"elementor-widget-wrap elementor-element-populated\">\n\t\t\t\t\t\t<div class=\"elementor-element elementor-element-bda4dc5 elementor-widget elementor-widget-spacer\" data-id=\"bda4dc5\" data-element_type=\"widget\" data-e-type=\"widget\" data-widget_type=\"spacer.default\">\n\t\t\t\t\t\t\t<div class=\"elementor-spacer\">\n\t\t\t<div class=\"elementor-spacer-inner\"><\/div>\n\t\t<\/div>\n\t\t\t\t\t\t<\/div>\n\t\t\t\t<div class=\"elementor-element elementor-element-74634cc elementor-widget elementor-widget-heading\" data-id=\"74634cc\" data-element_type=\"widget\" data-e-type=\"widget\" data-widget_type=\"heading.default\">\n\t\t\t\t\t<h2 class=\"elementor-heading-title elementor-size-default\">Av\u00eds Legal<\/h2>\t\t\t\t<\/div>\n\t\t\t\t<div class=\"elementor-element elementor-element-8474d2f elementor-widget elementor-widget-spacer\" data-id=\"8474d2f\" data-element_type=\"widget\" data-e-type=\"widget\" data-widget_type=\"spacer.default\">\n\t\t\t\t\t\t\t<div class=\"elementor-spacer\">\n\t\t\t<div class=\"elementor-spacer-inner\"><\/div>\n\t\t<\/div>\n\t\t\t\t\t\t<\/div>\n\t\t\t\t\t<\/div>\n\t\t<\/div>\n\t\t\t\t\t<\/div>\n\t\t<\/section>\n\t\t<div class=\"elementor-element elementor-element-2936399 e-flex e-con-boxed e-con e-parent\" data-id=\"2936399\" data-element_type=\"container\" data-e-type=\"container\">\n\t\t\t\t\t<div class=\"e-con-inner\">\n\t\t\t\t<div class=\"elementor-element elementor-element-20bfe09 elementor-widget elementor-widget-text-editor\" data-id=\"20bfe09\" data-element_type=\"widget\" data-e-type=\"widget\" data-widget_type=\"text-editor.default\">\n\t\t\t\t\t\t\t\t\t<p style=\"text-align: justify;\"><strong>Objecte i acceptaci\u00f3<\/strong><\/p><p style=\"text-align: justify;\">Aquest AV\u00cdS legal regula l&#8217;\u00fas de la nostra web, de la qual \u00e9s titular <strong>UN CAPRICHO DE PRODUCCIONES<\/strong>. La navegaci\u00f3 per la p\u00e0gina web d&#8217;<strong>UN CAPRICHO DE PRODUCCIONES<\/strong> atribueix la seva condici\u00f3 d&#8217;usuari i implica la total acceptaci\u00f3 i sense reserves de totes i cadascuna de les disposicions incloses en aquest Av\u00eds Legal, que poden patir modificacions. Cal fer un \u00fas correcte del lloc web de conformitat amb les lleis, bona fe, ordre p\u00fablic, usos del tr\u00e0nsit i el present Av\u00eds Legal. Li respondr\u00e0 davant <strong>UN CAPRICHO DE PRODUCCIONES<\/strong> o davant de tercers, de qualsevol dany i perjudici que pugui ocasionar-se com a conseq\u00fc\u00e8ncia de l&#8217;incompliment d&#8217;aquesta obligaci\u00f3.<\/p><p style=\"text-align: justify;\"><strong>Identificaci\u00f3 i comunicacions<\/strong><\/p><p style=\"text-align: justify;\"><strong>UN CAPRICHO DE PRODUCCIONES<\/strong>, en compliment de la Llei 34\/2002, d&#8217;11 de juliol, de serveis de la societat de la informaci\u00f3 i de comer\u00e7 electr\u00f2nic, informa que:<\/p><p style=\"text-align: justify;\">La seva denominaci\u00f3 social \u00e9s: <strong>UN CAPRICHO DE PRODUCCIONES<\/strong><\/p><p style=\"text-align: justify;\">El seu CIF \u00e9s: <strong>B64795453<\/strong><\/p><p style=\"text-align: justify;\">El seu domicili social \u00e9s a: <strong>Pla\u00e7a del Bonsucc\u00e9s, 7, Ent. 2a 08001 Barcelona<\/strong><\/p><p style=\"text-align: justify;\">Per comunicar-se amb nosaltres, posem a la vostra disposici\u00f3 diferents mitjans de contacte especificats en la pol\u00edtica de privadesa.<\/p><p style=\"text-align: justify;\">Totes les notificacions i comunicacions que es realitzin amb <strong>UN CAPRICHO DE PRODUCCIONES<\/strong> es consideraran efectives, amb car\u00e0cter general, sempre que es realitzin per mitjans especificats anteriorment<\/p><p style=\"text-align: justify;\"><strong>Condicions d&#8217;acc\u00e9s i utilitzaci\u00f3<\/strong><\/p><p style=\"text-align: justify;\">La web i els seus serveis s\u00f3n de lliure acc\u00e9s, per\u00f2, <strong>UN CAPRICHO DE PRODUCCIONES<\/strong> condiciona la utilitzaci\u00f3 d&#8217;alguns dels serveis oferts a la seva web al compliment previ del corresponent formulari.<\/p><p style=\"text-align: justify;\">Vost\u00e8 garanteix l&#8217;autenticitat i l&#8217;actualitat de totes aquelles dades que comunicar\u00e0 a <strong>UN CAPRICHO DE PRODUCCIONES<\/strong> i ser\u00e0 l&#8217;\u00fanic responsable de les manifestacions falses o inexactes que faci.<\/p><p style=\"text-align: justify;\">Vost\u00e8 es compromet expressament a fer un \u00fas adequat dels continguts i serveis d&#8217;<strong>UN CAPRICHO DE PRODUCCIONES<\/strong> i no utilitzar-los per, entre d&#8217;altres:<\/p><p style=\"text-align: justify;\">Difondre continguts, criminals, violents, pornogr\u00e0fics, racistes, xen\u00f2fobs, ofensius, d&#8217;apologia del terrorisme o, en general, contraris a la llei o ordre p\u00fablic.<\/p><p style=\"text-align: justify;\">Introduir a la xarxa inform\u00e0tica virus o realitzar actuacions susceptibles d&#8217;alteraci\u00f3, fer malb\u00e9, interrompre o generar errors o danys en els documents electr\u00f2nics, dades o sistemes f\u00edsics i log\u00edstics d&#8217;<strong>UN CAPRICHO DE PRODUCCIONES<\/strong> o de terceres persones; aix\u00ed com obstaculitzar lacc\u00e9s daltres usuaris al lloc web i els seus serveis mitjan\u00e7ant el consum massiu dels recursos inform\u00e0tics a trav\u00e9s dels quals <strong>UN CAPRICHO DE PRODUCCIONES<\/strong>\u00a0presta els seus serveis.<\/p><p style=\"text-align: justify;\">Intentar accedir a dades d&#8217;altres persones o \u00e0rees restringides dels sistemes inform\u00e0tics d&#8217;<strong>UN CAPRICHO DE PRODUCCIONES<\/strong> o de tercers i, si escau, extreure&#8217;n informaci\u00f3.<\/p><p style=\"text-align: justify;\">Vulnerar els drets de propietat intel\u00b7lectual o industrial, aix\u00ed com violar la confidencialitat de la informaci\u00f3 d&#8217;<strong>UN CAPRICHO DE PRODUCCIONES<\/strong> o de tercers.<\/p><p style=\"text-align: justify;\">Substituir la identitat d&#8217;un altre usuari, de les administracions p\u00fabliques o d&#8217;un tercer.<\/p><p style=\"text-align: justify;\">Reproduir, copiar, distribuir, posar a disposici\u00f3 o de qualsevol altra manera comunicar-se p\u00fablicament, transformar o modificar els continguts, llevat que es compti amb lautoritzaci\u00f3 del titular dels corresponents drets o sigui legalment perm\u00e8s.<\/p><p style=\"text-align: justify;\">Recopilar dades amb finalitat publicit\u00e0ria i remetre publicitat de qualsevol classe i comunicacions amb fins de venda o altres de naturalesa comercial sense pr\u00e8via sol\u00b7licitud o consentiment.<\/p><p style=\"text-align: justify;\">Tots els continguts del lloc web, com ara textos, fotografies, gr\u00e0fics, imatges, icones, tecnologia, programari, aix\u00ed com el seu disseny gr\u00e0fic i codi font, constitueixen una obra la propietat de la qual pertany a <strong>UN CAPRICHO DE PRODUCCIONES<\/strong>, sense que es pugui entendre com a cedits cap dels drets d&#8217;explotaci\u00f3 sobre aquests m\u00e9s enll\u00e0 de l&#8217;estrictament necessari per al correcte \u00fas.<\/p><p style=\"text-align: justify;\">En definitiva, vost\u00e8 que accedeix a aquesta web, pot visualitzar els continguts i efectuar, si escau, c\u00f2pies privades autoritzades sempre que els elements reprodu\u00efts no se cedeixin posteriorment a tercers, ni s&#8217;instal\u00b7lin a servidors connectats a xarxes, ni siguin objecte de cap tipus d&#8217;explotaci\u00f3.<\/p><p style=\"text-align: justify;\">Aix\u00ed mateix, totes les marques, noms comercials o signes distintius de qualsevol classe que apareguin al lloc web s\u00f3n propietat d&#8217;<strong>UN CAPRICHO DE PRODUCCIONES<\/strong>, sense que es pugui entendre que el seu \u00fas o acc\u00e9s li atribueix algun dret sobre aquests.<\/p><p style=\"text-align: justify;\">La distribuci\u00f3, la modificaci\u00f3, la cessi\u00f3 o la comunicaci\u00f3 p\u00fablica dels continguts i qualsevol altre acte que no hagi estat expressament autoritzat pel titular dels drets d&#8217;explotaci\u00f3 quedaran prohibits.<\/p><p style=\"text-align: justify;\">L&#8217;establiment d&#8217;un h\u00edper-enlla\u00e7 no implica en cap cas l&#8217;exist\u00e8ncia de relacions entre <strong>UN CAPRICHO DE PRODUCCIONES<\/strong> el propietari del web on s&#8217;estableixi, ni l&#8217;acceptaci\u00f3 i aprovaci\u00f3 per part d&#8217;<strong>UN CAPRICHO DE PRODUCCIONES<\/strong> dels seus continguts o serveis. Aquelles persones que es proposin establir un h\u00edper-enlla\u00e7 pr\u00e8viament hauran de sol\u00b7licitar l&#8217;autoritzaci\u00f3 per escrit a <strong>UN CAPRICHO DE PRODUCCIONES<\/strong>. En qualsevol cas, l&#8217;h\u00edper-enlla\u00e7 nom\u00e9s permetr\u00e0 l&#8217;acc\u00e9s a la p\u00e0gina d&#8217;inici o p\u00e0gina d&#8217;inici de la nostra web, a m\u00e9s d&#8217;abstenir-se de fer manifestacions o indicacions falses, inexactes o incorrectes sobre <strong>UN CAPRICHO DE PRODUCCIONES<\/strong>, o incloure continguts il\u00b7l\u00edcits, contraris a les bones.<\/p><p style=\"text-align: justify;\"><strong>UN CAPRICHO DE PRODUCCIONES<\/strong> no es responsabilitza de l&#8217;\u00fas que cada usuari assigni als materials posats a disposici\u00f3 en aquesta web ni de les actuacions que realitzi en base a aquests.<\/p><p style=\"text-align: justify;\"><strong>Exclusi\u00f3 de garanties i de responsabilitat<\/strong><\/p><p style=\"text-align: justify;\"><strong>UN CAPRICHO DE PRODUCCIONES<\/strong> exclou, fins on permet l&#8217;ordenament jur\u00eddic, qualsevol responsabilitat pels danys i perjudicis de tota naturalesa derivats de:<\/p><p style=\"text-align: justify;\">La impossibilitat d&#8217;acc\u00e9s a la web o la manca de veracitat, exactitud, exhaustivitat i\/o actualitat dels continguts, aix\u00ed com l&#8217;exist\u00e8ncia de costums i defectes de tota mena de continguts transmesos, difosos, emmagatzemats, posats a disposici\u00f3 als quals s&#8217;ha accedit a trav\u00e9s del lloc web o dels serveis que s&#8217;hi ofereixen.<\/p><p style=\"text-align: justify;\">La pres\u00e8ncia de virus o altres elements en els continguts que puguin produir alteracions als sistemes inform\u00e0tics, documents electr\u00f2nics o dades dels usuaris.<\/p><p style=\"text-align: justify;\">L&#8217;incompliment de les lleis, la bona fe, l&#8217;ordre p\u00fablic, els usos del tr\u00e0nsit i aquest av\u00eds legal com a conseq\u00fc\u00e8ncia de l&#8217;\u00fas incorrecte del lloc web. En concret, ja com a exemple, <strong>UN CAPRICHO DE PRODUCCIONES<\/strong> no es fa responsable de les actuacions de tercers que vulnerin drets de propietat intel\u00b7lectual i industrial, secret empresarials, drets a l&#8217;honor, a la intimitat personal i familiar ia la pr\u00f2pia imatge, aix\u00ed com la normativa en mat\u00e8ria de compet\u00e8ncia deslleial i publicitat il\u00b7l\u00edcita.<\/p><p style=\"text-align: justify;\">Aix\u00ed mateix, <strong>UN CAPRICHO DE PRODUCCIONES<\/strong> declina qualsevol responsabilitat respecte a la informaci\u00f3 que es troba fora d&#8217;aquesta web i no \u00e9s gestionada directament per la nostra web master. La funci\u00f3 dels enlla\u00e7os que apareixen en aquesta web \u00e9s exclusivament informar l&#8217;usuari sobre l&#8217;exist\u00e8ncia d&#8217;altres fonts susceptibles d&#8217;ampliar els continguts oferts per aquesta web. <strong>UN CAPRICHO DE PRODUCCIONES<\/strong> no garanteix ni es responsabilitza del funcionament o accessibilitat dels llocs enlla\u00e7ats; no suggereix, convida o recomana la visita a aquests, per la qual cosa tampoc ser\u00e0 responsable del resultat obtingut. <strong>UN CAPRICHO DE PRODUCCIONES<\/strong> no es responsabilitza de l&#8217;establiment d&#8217;hipervincles per part de tercers.<\/p><p style=\"text-align: justify;\"><strong>Procediment en cas de realitzaci\u00f3 d&#8217;activitats de car\u00e0cter il\u00b7l\u00edcit<\/strong><\/p><p style=\"text-align: justify;\">En el cas que vost\u00e8 o un tercer consideri que hi ha fets o circumst\u00e0ncies que revelen el car\u00e0cter il\u00b7l\u00edcit de la utilitzaci\u00f3 de qualsevol contingut i\/o de la realitzaci\u00f3 de qualsevol activitat a les p\u00e0gines web incloses o accessibles a trav\u00e9s de la p\u00e0gina web, s&#8217;han de posar en contacte amb <strong>UN CAPRICHO DE PRODUCCIONES<\/strong> identificant-se expressament la declarant adequadament la proporcionada en la notificaci\u00f3.<\/p><p style=\"text-align: justify;\">Per a tota q\u00fcesti\u00f3 litigiosa que faci refer\u00e8ncia al lloc web d&#8217;<strong>UN CAPRICHO DE PRODUCCIONES<\/strong>, ser\u00e0 aplicable la legislaci\u00f3 espanyola, sent competents els Jutjats i Tribunals m\u00e9s propers a la seu de (Espanya).<\/p><p style=\"text-align: justify;\"><strong>Publicacions<\/strong><\/p><p style=\"text-align: justify;\">La informaci\u00f3 administrada facilitada a trav\u00e9s del lloc web no substitueix la publicitat legal de les lleis, normatives, plans, disposicions generals i actes que hagin de ser publicats formalment als diaris oficials de les administracions p\u00fabliques, que constitueixen l&#8217;\u00fanic instrument que d\u00f3na fe de la seva autenticitat i contingut. La informaci\u00f3 disponible en aquest lloc web ha de ser entesa com a guia sense prop\u00f2sit de validesa legal.<\/p>\t\t\t\t\t\t\t\t<\/div>\n\t\t\t\t\t<\/div>\n\t\t\t\t<\/div>\n\t\t\t\t<\/div>\n\t\t","protected":false},"excerpt":{"rendered":"<p>Objecte i acceptaci\u00f3 Aquest AV\u00cdS legal regula l&#8217;\u00fas de la nostra web, de la qual \u00e9s titular UN CAPRICHO DE PRODUCCIONES. La navegaci\u00f3 per la p\u00e0gina web d&#8217;UN CAPRICHO DE PRODUCCIONES atribueix la seva condici\u00f3 d&#8217;usuari i implica la total acceptaci\u00f3 i sense reserves de totes i cadascuna de les disposicions incloses en aquest Av\u00eds [&hellip;]<\/p>\n","protected":false},"author":1,"featured_media":0,"parent":0,"menu_order":98,"comment_status":"closed","ping_status":"closed","template":"elementor_header_footer","meta":{"_monsterinsights_skip_tracking":false,"_monsterinsights_sitenote_active":false,"_monsterinsights_sitenote_note":"","_monsterinsights_sitenote_category":0,"footnotes":""},"class_list":["post-5079","page","type-page","status-publish","hentry"],"aioseo_notices":[],"_links":{"self":[{"href":"https:\/\/uncaprichoproducciones.com\/ca\/wp-json\/wp\/v2\/pages\/5079","targetHints":{"allow":["GET"]}}],"collection":[{"href":"https:\/\/uncaprichoproducciones.com\/ca\/wp-json\/wp\/v2\/pages"}],"about":[{"href":"https:\/\/uncaprichoproducciones.com\/ca\/wp-json\/wp\/v2\/types\/page"}],"author":[{"embeddable":true,"href":"https:\/\/uncaprichoproducciones.com\/ca\/wp-json\/wp\/v2\/users\/1"}],"replies":[{"embeddable":true,"href":"https:\/\/uncaprichoproducciones.com\/ca\/wp-json\/wp\/v2\/comments?post=5079"}],"version-history":[{"count":0,"href":"https:\/\/uncaprichoproducciones.com\/ca\/wp-json\/wp\/v2\/pages\/5079\/revisions"}],"wp:attachment":[{"href":"https:\/\/uncaprichoproducciones.com\/ca\/wp-json\/wp\/v2\/media?parent=5079"}],"curies":[{"name":"wp","href":"https:\/\/api.w.org\/{rel}","templated":true}]}}