{"id":5081,"date":"2025-10-30T18:28:06","date_gmt":"2025-10-30T16:28:06","guid":{"rendered":"https:\/\/uncaprichoproducciones.online\/declaracioon-de-accesibilidad\/"},"modified":"2026-01-13T16:35:24","modified_gmt":"2026-01-13T14:35:24","slug":"declaracio-accesibilitat","status":"publish","type":"page","link":"https:\/\/uncaprichoproducciones.com\/ca\/declaracio-accesibilitat\/","title":{"rendered":"Declaraci\u00f3 d&#8217;accessibilitat"},"content":{"rendered":"\t\t<div data-elementor-type=\"wp-page\" data-elementor-id=\"5081\" class=\"elementor elementor-5081 elementor-4990\" data-elementor-post-type=\"page\">\n\t\t\t\t\t\t<section data-lqd-custom-cursor=\"true\" class=\"elementor-section elementor-top-section elementor-element elementor-element-d22653e elementor-section-content-middle elementor-section-boxed elementor-section-height-default elementor-section-height-default\" data-id=\"d22653e\" data-element_type=\"section\" data-e-type=\"section\" data-settings=\"{&quot;background_background&quot;:&quot;classic&quot;}\">\n\t\t\t\t\t\t\t<div class=\"elementor-background-overlay\"><\/div>\n\t\t\t\t\t\t\t<div class=\"elementor-container elementor-column-gap-no\">\n\t\t\t\t\t<div data-custom-animations=\"true\" data-ca-options=\"{&quot;addChildTimelines&quot;:false,&quot;trigger&quot;:&quot;firstChild&quot;,&quot;animationTarget&quot;:&quot;:scope &gt; .elementor-widget-wrap &gt; .elementor-element &gt; .elementor-widget-container, :scope &gt; .elementor-widget-wrap &gt; .elementor-section &gt; .elementor-container &gt; .elementor-column &gt; .elementor-widget-wrap &gt; .elementor-element:not(.lqd-el-has-inner-anim) &gt; .elementor-widget-container, :scope &gt; .elementor-widget-wrap &gt; .elementor-widget-hub_fancy_heading .lqd-split-lines .lqd-lines .split-inner, :scope &gt; .elementor-widget-wrap &gt; .elementor-widget-hub_fancy_heading .lqd-split-words .lqd-words .split-inner, :scope &gt; .elementor-widget-wrap &gt; .elementor-widget-hub_fancy_heading .lqd-split-chars .lqd-chars .split-inner, :scope &gt; .elementor-widget-wrap &gt; .elementor-widget-ld_custom_menu .lqd-fancy-menu &gt; ul &gt; li&quot;,&quot;startDelay&quot;:800,&quot;ease&quot;:[&quot;power4.out&quot;],&quot;initValues&quot;:{&quot;y&quot;:&quot;25px&quot;,&quot;opacity&quot;:0,&quot;transformOrigin&quot;:&quot;50% 50% 0px&quot;},&quot;animations&quot;:{&quot;y&quot;:&quot;0px&quot;,&quot;opacity&quot;:1,&quot;transformOrigin&quot;:&quot;50% 50% 0px&quot;}}\" class=\"elementor-column elementor-col-100 elementor-top-column elementor-element elementor-element-5c1815c\" data-id=\"5c1815c\" data-element_type=\"column\" data-e-type=\"column\">\n\t\t\t<div class=\"elementor-widget-wrap elementor-element-populated\">\n\t\t\t\t\t\t<div class=\"elementor-element elementor-element-82844ad elementor-widget elementor-widget-spacer\" data-id=\"82844ad\" data-element_type=\"widget\" data-e-type=\"widget\" data-widget_type=\"spacer.default\">\n\t\t\t\t\t\t\t<div class=\"elementor-spacer\">\n\t\t\t<div class=\"elementor-spacer-inner\"><\/div>\n\t\t<\/div>\n\t\t\t\t\t\t<\/div>\n\t\t\t\t<div class=\"elementor-element elementor-element-05c582c elementor-widget elementor-widget-heading\" data-id=\"05c582c\" data-element_type=\"widget\" data-e-type=\"widget\" data-widget_type=\"heading.default\">\n\t\t\t\t\t<h2 class=\"elementor-heading-title elementor-size-default\">Declaraci\u00f3 d&#8217;accessibilitat<\/h2>\t\t\t\t<\/div>\n\t\t\t\t<div class=\"elementor-element elementor-element-a196239 elementor-widget elementor-widget-spacer\" data-id=\"a196239\" data-element_type=\"widget\" data-e-type=\"widget\" data-widget_type=\"spacer.default\">\n\t\t\t\t\t\t\t<div class=\"elementor-spacer\">\n\t\t\t<div class=\"elementor-spacer-inner\"><\/div>\n\t\t<\/div>\n\t\t\t\t\t\t<\/div>\n\t\t\t\t\t<\/div>\n\t\t<\/div>\n\t\t\t\t\t<\/div>\n\t\t<\/section>\n\t\t<div class=\"elementor-element elementor-element-2060b5a e-flex e-con-boxed e-con e-parent\" data-id=\"2060b5a\" data-element_type=\"container\" data-e-type=\"container\">\n\t\t\t\t\t<div class=\"e-con-inner\">\n\t\t\t\t<div class=\"elementor-element elementor-element-7109d6d elementor-widget elementor-widget-text-editor\" data-id=\"7109d6d\" data-element_type=\"widget\" data-e-type=\"widget\" data-widget_type=\"text-editor.default\">\n\t\t\t\t\t\t\t\t\t<p style=\"text-align: justify;\"><strong>UN CAPRICHO DE PRODUCCIONES<\/strong> t\u00e9 com a comprom\u00eds crear i publicar webs amb disseny universal i continguts accessibles per al m\u00e0xim nombre d&#8217;usuaris i usu\u00e0ries i apropar, aix\u00ed, la comunicaci\u00f3 municipal i l&#8217;\u00fas de les noves tecnologies a la ciutadania.<\/p><p style=\"text-align: justify;\">Per fer aquest objectiu, aplica la normativa est\u00e0ndard WAI (Web Accessibility Initiative) adoptada per la Uni\u00f3 Europea. La finalitat \u00e9s que la majoria de webs de <strong>https:\/\/uncaprichoproducciones.com<\/strong> compleixin les pautes daccessibilitat de nivell AA definides per les normes WAI (WCAG 2.1). Aix\u00f2 significa que tant una persona amb algun tipus de discapacitat com qualsevol altra que estigui en una circumst\u00e0ncia que dificulti l&#8217;acc\u00e9s a la informaci\u00f3 de la p\u00e0gina web podr\u00e0 accedir als continguts amb \u00e8xit.<\/p><p style=\"text-align: justify;\"><strong>UN CAPRICHO DE PRODUCCIONES<\/strong> s&#8217;ha comprom\u00e8s a fer accessibles els seus webs de conformitat amb el (d&#8217;ara endavant, Reial Decret 1112\/2018, de 7 de setembre). La majoria de webs de la instituci\u00f3 s\u00f3n parcialment conformes amb la legislaci\u00f3 vigent i es treballa di\u00e0riament per assolir nivells \u00f2ptims d&#8217;accessibilitat. L&#8217;evoluci\u00f3 de les noves tecnologies de la informaci\u00f3, tant en format web com en format multidispositiu, permet que els continguts oferts a trav\u00e9s d&#8217;Internet siguin cada cop m\u00e9s accessibles. <strong>UN CAPRICHO DE PRODUCCIONES<\/strong>, en l\u00ednia amb el comprom\u00eds adquirit amb l&#8217;accessibilitat universal, ha considerat que la divulgaci\u00f3 de la informaci\u00f3 sobre l&#8217;accessibilitat web i de multidispositiu \u00e9s un servei important per a aquells usuaris i aquelles usu\u00e0ries que necessitin una guia per accedir sense dificultat a la web de <strong>https:\/\/uncaprichoproducciones.com<\/strong> i per aix\u00f2 posi a la navegaci\u00f3 amb totes les persones.<\/p>\t\t\t\t\t\t\t\t<\/div>\n\t\t\t\t\t<\/div>\n\t\t\t\t<\/div>\n\t\t\t\t<\/div>\n\t\t","protected":false},"excerpt":{"rendered":"<p>UN CAPRICHO DE PRODUCCIONES t\u00e9 com a comprom\u00eds crear i publicar webs amb disseny universal i continguts accessibles per al m\u00e0xim nombre d&#8217;usuaris i usu\u00e0ries i apropar, aix\u00ed, la comunicaci\u00f3 municipal i l&#8217;\u00fas de les noves tecnologies a la ciutadania. Per fer aquest objectiu, aplica la normativa est\u00e0ndard WAI (Web Accessibility Initiative) adoptada per la [&hellip;]<\/p>\n","protected":false},"author":1,"featured_media":0,"parent":0,"menu_order":99,"comment_status":"closed","ping_status":"closed","template":"elementor_header_footer","meta":{"_monsterinsights_skip_tracking":false,"_monsterinsights_sitenote_active":false,"_monsterinsights_sitenote_note":"","_monsterinsights_sitenote_category":0,"footnotes":""},"class_list":["post-5081","page","type-page","status-publish","hentry"],"aioseo_notices":[],"_links":{"self":[{"href":"https:\/\/uncaprichoproducciones.com\/ca\/wp-json\/wp\/v2\/pages\/5081","targetHints":{"allow":["GET"]}}],"collection":[{"href":"https:\/\/uncaprichoproducciones.com\/ca\/wp-json\/wp\/v2\/pages"}],"about":[{"href":"https:\/\/uncaprichoproducciones.com\/ca\/wp-json\/wp\/v2\/types\/page"}],"author":[{"embeddable":true,"href":"https:\/\/uncaprichoproducciones.com\/ca\/wp-json\/wp\/v2\/users\/1"}],"replies":[{"embeddable":true,"href":"https:\/\/uncaprichoproducciones.com\/ca\/wp-json\/wp\/v2\/comments?post=5081"}],"version-history":[{"count":0,"href":"https:\/\/uncaprichoproducciones.com\/ca\/wp-json\/wp\/v2\/pages\/5081\/revisions"}],"wp:attachment":[{"href":"https:\/\/uncaprichoproducciones.com\/ca\/wp-json\/wp\/v2\/media?parent=5081"}],"curies":[{"name":"wp","href":"https:\/\/api.w.org\/{rel}","templated":true}]}}