{"id":5083,"date":"2025-10-17T11:50:46","date_gmt":"2025-10-17T09:50:46","guid":{"rendered":"https:\/\/uncaprichoproducciones.online\/politica-de-cookies\/"},"modified":"2026-01-13T16:23:20","modified_gmt":"2026-01-13T14:23:20","slug":"politica-de-cookies","status":"publish","type":"page","link":"https:\/\/uncaprichoproducciones.com\/ca\/politica-de-cookies\/","title":{"rendered":"Pol\u00edtica de cookies"},"content":{"rendered":"\t\t<div data-elementor-type=\"wp-page\" data-elementor-id=\"5083\" class=\"elementor elementor-5083 elementor-4157\" data-elementor-post-type=\"page\">\n\t\t\t\t\t\t<section data-lqd-custom-cursor=\"true\" class=\"elementor-section elementor-top-section elementor-element elementor-element-6592c58 elementor-section-content-middle elementor-section-boxed elementor-section-height-default elementor-section-height-default\" data-id=\"6592c58\" data-element_type=\"section\" data-e-type=\"section\" data-settings=\"{&quot;background_background&quot;:&quot;classic&quot;}\">\n\t\t\t\t\t\t\t<div class=\"elementor-background-overlay\"><\/div>\n\t\t\t\t\t\t\t<div class=\"elementor-container elementor-column-gap-no\">\n\t\t\t\t\t<div data-custom-animations=\"true\" data-ca-options=\"{&quot;addChildTimelines&quot;:false,&quot;trigger&quot;:&quot;firstChild&quot;,&quot;animationTarget&quot;:&quot;:scope &gt; .elementor-widget-wrap &gt; .elementor-element &gt; .elementor-widget-container, :scope &gt; .elementor-widget-wrap &gt; .elementor-section &gt; .elementor-container &gt; .elementor-column &gt; .elementor-widget-wrap &gt; .elementor-element:not(.lqd-el-has-inner-anim) &gt; .elementor-widget-container, :scope &gt; .elementor-widget-wrap &gt; .elementor-widget-hub_fancy_heading .lqd-split-lines .lqd-lines .split-inner, :scope &gt; .elementor-widget-wrap &gt; .elementor-widget-hub_fancy_heading .lqd-split-words .lqd-words .split-inner, :scope &gt; .elementor-widget-wrap &gt; .elementor-widget-hub_fancy_heading .lqd-split-chars .lqd-chars .split-inner, :scope &gt; .elementor-widget-wrap &gt; .elementor-widget-ld_custom_menu .lqd-fancy-menu &gt; ul &gt; li&quot;,&quot;startDelay&quot;:800,&quot;ease&quot;:[&quot;power4.out&quot;],&quot;initValues&quot;:{&quot;y&quot;:&quot;25px&quot;,&quot;opacity&quot;:0,&quot;transformOrigin&quot;:&quot;50% 50% 0px&quot;},&quot;animations&quot;:{&quot;y&quot;:&quot;0px&quot;,&quot;opacity&quot;:1,&quot;transformOrigin&quot;:&quot;50% 50% 0px&quot;}}\" class=\"elementor-column elementor-col-100 elementor-top-column elementor-element elementor-element-bad8244\" data-id=\"bad8244\" data-element_type=\"column\" data-e-type=\"column\">\n\t\t\t<div class=\"elementor-widget-wrap elementor-element-populated\">\n\t\t\t\t\t\t<div class=\"elementor-element elementor-element-0b3c511 elementor-widget elementor-widget-spacer\" data-id=\"0b3c511\" data-element_type=\"widget\" data-e-type=\"widget\" data-widget_type=\"spacer.default\">\n\t\t\t\t\t\t\t<div class=\"elementor-spacer\">\n\t\t\t<div class=\"elementor-spacer-inner\"><\/div>\n\t\t<\/div>\n\t\t\t\t\t\t<\/div>\n\t\t\t\t<div class=\"elementor-element elementor-element-63dfe4b elementor-widget elementor-widget-heading\" data-id=\"63dfe4b\" data-element_type=\"widget\" data-e-type=\"widget\" data-widget_type=\"heading.default\">\n\t\t\t\t\t<h2 class=\"elementor-heading-title elementor-size-default\">Pol\u00edtica de cookies<\/h2>\t\t\t\t<\/div>\n\t\t\t\t<div class=\"elementor-element elementor-element-a211088 elementor-widget elementor-widget-spacer\" data-id=\"a211088\" data-element_type=\"widget\" data-e-type=\"widget\" data-widget_type=\"spacer.default\">\n\t\t\t\t\t\t\t<div class=\"elementor-spacer\">\n\t\t\t<div class=\"elementor-spacer-inner\"><\/div>\n\t\t<\/div>\n\t\t\t\t\t\t<\/div>\n\t\t\t\t\t<\/div>\n\t\t<\/div>\n\t\t\t\t\t<\/div>\n\t\t<\/section>\n\t\t<div class=\"elementor-element elementor-element-c12c2d8 e-flex e-con-boxed e-con e-parent\" data-id=\"c12c2d8\" data-element_type=\"container\" data-e-type=\"container\">\n\t\t\t\t\t<div class=\"e-con-inner\">\n\t\t\t\t<div class=\"elementor-element elementor-element-d9663ee elementor-widget elementor-widget-text-editor\" data-id=\"d9663ee\" data-element_type=\"widget\" data-e-type=\"widget\" data-widget_type=\"text-editor.default\">\n\t\t\t\t\t\t\t\t\t<p style=\"text-align: justify;\"><strong>Informaci\u00f3 general de les cookies<\/strong><\/p><p style=\"text-align: justify;\">La confian\u00e7a de l&#8217;usuari \u00e9s important per a nosaltres, i per tant, a <strong>UN CAPRICHO DE PRODUCCIONES<\/strong> ens preocupa protegir la seva privadesa. Un aspecte important d&#8217;aix\u00f2 \u00e9s proporcionar tota la informaci\u00f3 possible sobre com utilitzem les vostres dades de car\u00e0cter personal, fins i tot com s&#8217;utilitza el local d&#8217;emmagatzematge de dades i tecnologia similar.<\/p><p style=\"text-align: justify;\">L&#8217;emmagatzematge local de dades implica l&#8217;emmagatzematge de diferents tipus de dades localment al dispositiu a trav\u00e9s del vostre navegador web. Les dades que es poden emmagatzemar localment poden, per exemple, contenir la configuraci\u00f3 de l&#8217;usuari, informaci\u00f3 sobre com navega per la nostra web, quin navegador web utilitza, quins anuncis s&#8217;han mostrat i la similitud a llocs web amb qu\u00e8 treballem. Les dades emmagatzemades localment es poden utilitzar per personalitzar el contingut i les funcions als nostres serveis, de manera que les seves visites siguin m\u00e9s c\u00f2modes i tinguin m\u00e9s sentit.<\/p><p style=\"text-align: justify;\">Un m\u00e8tode demmagatzematge local de dades s\u00f3n les cookies. Les galetes s\u00f3n petits arxius de text que es troben al dispositiu (PC, tel\u00e8fon m\u00f2bil o tauleta) que permeten recon\u00e8ixer la seva navegaci\u00f3 web. Les galetes contenen informaci\u00f3 principalment sobre la seva navegaci\u00f3 web i sobre qualsevol activitat que s&#8217;hi hagi produ\u00eft. Ens ajuden a garantir la seguretat i funcionament \u00f2ptim de la nostra web, quan surt de la nostra p\u00e0gina web aquestes s\u00f3n eliminades (cookies de seguretat i sessi\u00f3 de cookies) i recullen informaci\u00f3 sobre els productes que els interessen a les nostres visites d&#8217;Internet i sobre com naveguen a trav\u00e9s de la nostra web perqu\u00e8 les nostres ofertes siguin m\u00e9s atractives per als usuaris (seguiment de cookies).<\/p><p style=\"text-align: justify;\"><strong>Informaci\u00f3 complement\u00e0ria de les cookies<\/strong><\/p><p style=\"text-align: justify;\">Utilitzem l&#8217;emmagatzematge local de dades per a una s\u00e8rie de finalitats, com ara: permetre&#8217;ns realitzar els nostres serveis; Aportar contingut pertinent, personalitzat quan visiteu els nostres llocs web; mesurar i analitzar el tr\u00e0nsit a la nostra web; millorar els nostres serveis; i dirigir publicitat espec\u00edfica. A continuaci\u00f3, s&#8217;ofereixen m\u00e9s detalls sobre aquests temes:<\/p><ul><li style=\"text-align: justify;\">Per a la nostra publicitat:<\/li><\/ul><p style=\"text-align: justify;\">Utilitzem lemmagatzematge local de dades en relaci\u00f3 a les activitats publicit\u00e0ries. Aix\u00f2 ens permet saber si i sovint l&#8217;usuari ha vist un anunci o determinat tipus d&#8217;anunci, i quant de temps fa que l&#8217;ha vist.<\/p><p style=\"text-align: justify;\">Tamb\u00e9 fem servir l&#8217;emmagatzematge local de dades per construir segments i grups objectius amb finalitats de m\u00e0rqueting i dirigir anuncis espec\u00edfics.<\/p><ul><li style=\"text-align: justify;\">Per analitzar i millorar els nostres serveis:<\/li><\/ul><p style=\"text-align: justify;\">Utilitzem diverses eines de mesura que ens proporcionen estad\u00edstiques i an\u00e0lisis relatives als nostres serveis. Aquestes eines permeten recon\u00e8ixer el navegador web al llarg del temps i saber si el visitant ha visitat el lloc web anteriorment i si \u00e9s aix\u00ed amb quina freq\u00fc\u00e8ncia. Aquestes eines ens ofereixen la possibilitat daconseguir una visi\u00f3 general de quants usuaris \u00fanics tenim i com utilitzen els nostres serveis.<\/p><p style=\"text-align: justify;\">Tamb\u00e9 utilitzem la informaci\u00f3 que hem recollit i analitzat per desenvolupar i millorar els nostres serveis; per exemple, esbrinar quins serveis generen m\u00e9s tr\u00e0nsit o veure si un servei est\u00e0 funcionant de manera \u00f2ptima.<\/p><ul><li style=\"text-align: justify;\">Per lliurar i adaptar els serveis a la seva utilitzaci\u00f3:<\/li><\/ul><p style=\"text-align: justify;\">Es requereix i necessita l&#8217;emmagatzematge local de dades amb l&#8217;objectiu de permetre&#8217;ns utilitzar els nostres serveis, com ara informaci\u00f3 sobre la seva configuraci\u00f3, que ens diu com s&#8217;han de presentar els serveis al vostre navegador web.<\/p><p style=\"text-align: justify;\">Tamb\u00e9 utilitzem l&#8217;emmagatzematge local de dades per adaptar els nostres serveis a la seva utilitzaci\u00f3 tan b\u00e9 com sigui possible.<\/p><p style=\"text-align: justify;\"><strong>Gesti\u00f3 de cookies<\/strong><\/p><p style=\"text-align: justify;\">Podeu desactivar les galetes o configurar el vostre navegador perqu\u00e8 avisi quan envien una galeta.<\/p><p style=\"text-align: justify;\">La configuraci\u00f3 al vostre navegador web normalment mostra una llista de totes les galetes que s&#8217;han emmagatzemat per proporcionar-vos una visi\u00f3 general i, si ho desitgeu, per eliminar les galetes no desitjades. Normalment, podeu indicar que accepteu l&#8217;emmagatzematge de cookies dels llocs web que visiteu o de tercers afiliats a aquests llocs web. Tamb\u00e9 podeu triar ser notificat cada vegada que s&#8217;emmagatzema una nova galeta. Se us proporciona a continuaci\u00f3, orientaci\u00f3 sobre com fer-ho en diferents navegadors web. El vostre navegador web normalment emmagatzema galetes en una carpeta espec\u00edfica al vostre disc dur, de manera que pugueu examinar tamb\u00e9 el contingut amb m\u00e9s detall.<\/p><p style=\"text-align: justify;\">No obstant aix\u00f2, les galetes que s\u00f3n presents a la p\u00e0gina web canvien amb freq\u00fc\u00e8ncia, i no totes les galetes s\u00f3n igual d&#8217;importants. Per tant, si <strong>U<\/strong><strong>N CAPRICHO DE PRODUCCIONES<\/strong> canvia l&#8217;\u00fas de les galetes de seguiment, se us notificar\u00e0 amb un missatge.<\/p><p style=\"text-align: justify;\">Aix\u00ed mateix, hi ha disponibles serveis que han estat desenvolupats especialment per proporcionar als usuaris una llista actualitzada de cookies i altres mecanismes de seguiment.<\/p><p style=\"text-align: justify;\">Tingueu en compte que si els desactiva, \u00e9s possible que no puguem gaudir de totes les funcionalitats de la nostra web.<\/p><p style=\"text-align: justify;\">A continuaci\u00f3, se us presenta un resum de com les dades emmagatzemades localment es poden gestionar en diferents navegadors web. Tingueu en compte que aquest proc\u00e9s pot canviar i que les descripcions aqu\u00ed donades no poden estar actualitzades.<\/p><p style=\"text-align: justify;\"><strong>Gesti\u00f3 de galetes a Google Chrome<\/strong><\/p><ul><li style=\"text-align: justify;\">Com eliminar les cookies:<\/li><li style=\"text-align: justify;\">Aneu a Configuraci\u00f3 al men\u00fa del vostre navegador.<\/li><li style=\"text-align: justify;\">Feu clic a Mostra la configuraci\u00f3 avan\u00e7ada.<\/li><li style=\"text-align: justify;\">Feu clic a Suprimeix les dades de navegaci\u00f3.<\/li><li style=\"text-align: justify;\">Seleccioneu el per\u00edode de temps per al qual voleu eliminar la informaci\u00f3 del men\u00fa a la part superior. Si voleu suprimir totes les galetes al navegador, feu clic a Des de l&#8217;origen dels temps.<\/li><li style=\"text-align: justify;\">Marca galetes i altres dades de llocs i complements.<\/li><li style=\"text-align: justify;\">Feu clic a Suprimeix les dades de navegaci\u00f3.<\/li><li style=\"text-align: justify;\">Tanca la finestra.<\/li><li style=\"text-align: justify;\">Com evitar que les cookies s&#8217;emmagatzemin al navegador web:<\/li><li style=\"text-align: justify;\">Anar a prefer\u00e8ncies al men\u00fa del teu navegador.<\/li><li style=\"text-align: justify;\">Feu clic a Mostra configuraci\u00f3 avan\u00e7ada i feu clic a Configuraci\u00f3 de contingut.<\/li><li style=\"text-align: justify;\">A Cookies, selecciona la teva opci\u00f3 preferida. Si voleu evitar que totes les galetes quedin emmagatzemades, feu clic a No permet que es guardin dades dels llocs.<\/li><li style=\"text-align: justify;\">Feu clic a Fet.<\/li><li style=\"text-align: justify;\">Tanca la finestra.<\/li><\/ul><p style=\"text-align: justify;\"><strong>Gesti\u00f3 de cookies a Safari<\/strong><\/p><ul><li style=\"text-align: justify;\">Com eliminar les cookies:<\/li><li style=\"text-align: justify;\">Anar a Prefer\u00e8ncies al men\u00fa del vostre navegador.<\/li><li style=\"text-align: justify;\">Feu clic a la pestanya Privadesa.<\/li><li style=\"text-align: justify;\">Feu clic a Suprimeix totes les dades dels llocs web i feu clic a Suprimeix per eliminar totes les galetes.<\/li><li style=\"text-align: justify;\">Tanca la finestra.<\/li><li style=\"text-align: justify;\">Com evitar que les cookies s&#8217;emmagatzemin al vostre navegador web:<\/li><li style=\"text-align: justify;\">Ves a Prefer\u00e8ncies al men\u00fa del navegador<\/li><li style=\"text-align: justify;\">Feu clic a la pestanya Privadesa.<\/li><li style=\"text-align: justify;\">A Cookies i dades de llocs web selecciona la teva opci\u00f3 preferida. Si voleu evitar que totes les galetes quedin emmagatzemades, feu clic a Bloqueig sempre.<\/li><li style=\"text-align: justify;\">Tanca la finestra.<\/li><\/ul><p style=\"text-align: justify;\"><strong>Gesti\u00f3 de cookies a Mozilla Firefox<\/strong><\/p><ul><li style=\"text-align: justify;\">Com eliminar les cookies:<\/li><li style=\"text-align: justify;\">Anar a Opcions al men\u00fa del vostre navegador.<\/li><li style=\"text-align: justify;\">Feu clic a la pestanya Privadesa.<\/li><li style=\"text-align: justify;\">Feu clic a Mostra galetes.<\/li><li style=\"text-align: justify;\">Seleccioneu les galetes que voleu suprimir i feu clic a Suprimeix seleccionades.<\/li><li style=\"text-align: justify;\">Feu clic a Suprimeix-ho tot si voleu suprimir totes les galetes al vostre web.<\/li><li style=\"text-align: justify;\">Tanca la finestra. Qualsevol canvi que h\u00e0giu fet es desar\u00e0 autom\u00e0ticament.<\/li><li style=\"text-align: justify;\">Com evitar que les galetes s&#8217;emmagatzemen al vostre navegador web:<\/li><li style=\"text-align: justify;\">Anar a Configuraci\u00f3 al men\u00fa del vostre navegador.<\/li><li style=\"text-align: justify;\">Seleccioneu la pestanya Privadesa.<\/li><li style=\"text-align: justify;\">A Historial, feu clic a Utilitza una configuraci\u00f3 personalitzada per a l&#8217;historial.<\/li><li style=\"text-align: justify;\">Selecciona les teves opcions preferides a Permet cookies de llocs web. Si voleu evitar que totes les galetes s&#8217;aturin, desactiveu la casella Acceptar galetes de llocs web.<\/li><li style=\"text-align: justify;\">Tanca la finestra. Qualsevol canvi que h\u00e0giu fet es desar\u00e0 autom\u00e0ticament.<\/li><\/ul><p style=\"text-align: justify;\"><strong>Gesti\u00f3 de cookies a Internet Explorer<\/strong><\/p><ul><li style=\"text-align: justify;\">Com eliminar les cookies:<\/li><li style=\"text-align: justify;\">Anar a Eines (icona de roda dentada) al men\u00fa del teu navegador.<\/li><li style=\"text-align: justify;\">Feu clic a Propietats d&#8217;Internet.<\/li><li style=\"text-align: justify;\">A la pestanya General \u2013 Historial de navegaci\u00f3, feu clic a Suprimeix.<\/li><li style=\"text-align: justify;\">Assegureu-vos de marcar l&#8217;opci\u00f3 Galetes i dades de llocs web.<\/li><li style=\"text-align: justify;\">Feu clic a Suprimeix.<\/li><li style=\"text-align: justify;\">Feu clic a D&#8217;acord.<\/li><li style=\"text-align: justify;\">Com evitar que les galetes s&#8217;emmagatzemen en la vostra navegaci\u00f3 web:<\/li><li style=\"text-align: justify;\">Anar a Eines (icona de roda dentada) al men\u00fa del teu navegador.<\/li><li style=\"text-align: justify;\">Feu clic a Opcions d&#8217;Internet i feu clic a la pestanya Privadesa.<\/li><li style=\"text-align: justify;\">Moveu la barra lliscant al nivell desitjat. Si voleu evitar que totes les galetes quedin en llibertat, seleccioneu el nivell Bloquejar totes les galetes.<\/li><li style=\"text-align: justify;\">Feu clic a D&#8217;acord.<\/li><\/ul><p style=\"text-align: justify;\"><strong>Gesti\u00f3 de cookies a Opera<\/strong><\/p><ul><li style=\"text-align: justify;\">Com eliminar les cookies:<\/li><li style=\"text-align: justify;\">Anar a Configuraci\u00f3 al men\u00fa del vostre navegador.<\/li><li style=\"text-align: justify;\">Seleccioneu la pestanya de Privadesa i Seguretat.<\/li><li style=\"text-align: justify;\">Feu clic a Cookies i despr\u00e9s feu clic a Totes les galetes i dades de llocs web.<\/li><li style=\"text-align: justify;\">Seleccioneu les galetes que voleu suprimir i feu clic a Suprimeix.<\/li><li style=\"text-align: justify;\">Feu clic a Suprimeix totes si voleu suprimir totes les galetes al vostre web del navegador.<\/li><li style=\"text-align: justify;\">Feu clic a Fet.<\/li><li style=\"text-align: justify;\">Tanca la finestra.<\/li><li style=\"text-align: justify;\">Com evitar que les cookies s&#8217;emmagatzemin al vostre navegador web:<br \/>aneu a Configuraci\u00f3 al men\u00fa del vostre navegador.<\/li><li style=\"text-align: justify;\">Seleccioneu la pestanya de Privadesa i Seguretat. A Cookies, selecciona la teva opci\u00f3 preferida. Si voleu evitar que totes les galetes quedin emmagatzemades, feu clic a No permet que es guardin dades dels llocs.<\/li><li style=\"text-align: justify;\">Tanqueu la finestra.<\/li><\/ul><p style=\"text-align: justify;\">Informaci\u00f3 de contacte Per obtenir m\u00e9s transpar\u00e8ncia, si teniu alguna pregunta relacionada amb l&#8217;\u00fas del local de la nostra web, poseu-vos en contacte amb nosaltres a <a href=\"mailto:hola@uncaprichoproducciones.com\">hola@uncaprichoproducciones.com<\/a>, indicant a l&#8217;assumpte \u201cPol\u00edtica de cookies\u201d.<\/p>\t\t\t\t\t\t\t\t<\/div>\n\t\t\t\t\t<\/div>\n\t\t\t\t<\/div>\n\t\t\t\t<\/div>\n\t\t","protected":false},"excerpt":{"rendered":"<p>Informaci\u00f3 general de les cookies La confian\u00e7a de l&#8217;usuari \u00e9s important per a nosaltres, i per tant, a UN CAPRICHO DE PRODUCCIONES ens preocupa protegir la seva privadesa. Un aspecte important d&#8217;aix\u00f2 \u00e9s proporcionar tota la informaci\u00f3 possible sobre com utilitzem les vostres dades de car\u00e0cter personal, fins i tot com s&#8217;utilitza el local d&#8217;emmagatzematge [&hellip;]<\/p>\n","protected":false},"author":1,"featured_media":0,"parent":0,"menu_order":99,"comment_status":"closed","ping_status":"closed","template":"elementor_header_footer","meta":{"_monsterinsights_skip_tracking":false,"_monsterinsights_sitenote_active":false,"_monsterinsights_sitenote_note":"","_monsterinsights_sitenote_category":0,"footnotes":""},"class_list":["post-5083","page","type-page","status-publish","hentry"],"aioseo_notices":[],"_links":{"self":[{"href":"https:\/\/uncaprichoproducciones.com\/ca\/wp-json\/wp\/v2\/pages\/5083","targetHints":{"allow":["GET"]}}],"collection":[{"href":"https:\/\/uncaprichoproducciones.com\/ca\/wp-json\/wp\/v2\/pages"}],"about":[{"href":"https:\/\/uncaprichoproducciones.com\/ca\/wp-json\/wp\/v2\/types\/page"}],"author":[{"embeddable":true,"href":"https:\/\/uncaprichoproducciones.com\/ca\/wp-json\/wp\/v2\/users\/1"}],"replies":[{"embeddable":true,"href":"https:\/\/uncaprichoproducciones.com\/ca\/wp-json\/wp\/v2\/comments?post=5083"}],"version-history":[{"count":0,"href":"https:\/\/uncaprichoproducciones.com\/ca\/wp-json\/wp\/v2\/pages\/5083\/revisions"}],"wp:attachment":[{"href":"https:\/\/uncaprichoproducciones.com\/ca\/wp-json\/wp\/v2\/media?parent=5083"}],"curies":[{"name":"wp","href":"https:\/\/api.w.org\/{rel}","templated":true}]}}