{"id":5184,"date":"2021-10-11T12:11:16","date_gmt":"2021-10-11T10:11:16","guid":{"rendered":"https:\/\/uncaprichoproducciones.online\/nosotros\/"},"modified":"2026-04-08T11:06:16","modified_gmt":"2026-04-08T09:06:16","slug":"nosaltres","status":"publish","type":"page","link":"https:\/\/uncaprichoproducciones.com\/ca\/nosaltres\/","title":{"rendered":"Nosaltres"},"content":{"rendered":"\t\t<div data-elementor-type=\"wp-page\" data-elementor-id=\"5184\" class=\"elementor elementor-5184 elementor-24\" data-elementor-post-type=\"page\">\n\t\t\t\t\t\t<section data-lqd-custom-cursor=\"true\" class=\"elementor-section elementor-top-section elementor-element elementor-element-43d57bb elementor-section-height-min-height elementor-section-items-stretch elementor-section-content-middle elementor-section-boxed elementor-section-height-default\" data-id=\"43d57bb\" data-element_type=\"section\" data-e-type=\"section\" data-settings=\"{&quot;background_background&quot;:&quot;classic&quot;}\">\n\t\t\t\t\t\t<div class=\"elementor-container elementor-column-gap-no\">\n\t\t\t\t\t<div data-custom-animations=\"true\" data-ca-options=\"{&quot;addChildTimelines&quot;:false,&quot;trigger&quot;:&quot;firstChild&quot;,&quot;animationTarget&quot;:&quot;:scope &gt; .elementor-widget-wrap &gt; .elementor-element &gt; .elementor-widget-container, :scope &gt; .elementor-widget-wrap &gt; .elementor-section &gt; .elementor-container &gt; .elementor-column &gt; .elementor-widget-wrap &gt; .elementor-element:not(.lqd-el-has-inner-anim) &gt; .elementor-widget-container, :scope &gt; .elementor-widget-wrap &gt; .elementor-widget-hub_fancy_heading .lqd-split-lines .lqd-lines .split-inner, :scope &gt; .elementor-widget-wrap &gt; .elementor-widget-hub_fancy_heading .lqd-split-words .lqd-words .split-inner, :scope &gt; .elementor-widget-wrap &gt; .elementor-widget-hub_fancy_heading .lqd-split-chars .lqd-chars .split-inner, :scope &gt; .elementor-widget-wrap &gt; .elementor-widget-ld_custom_menu .lqd-fancy-menu &gt; ul &gt; li&quot;,&quot;startDelay&quot;:800,&quot;ease&quot;:[&quot;power4.out&quot;],&quot;initValues&quot;:{&quot;y&quot;:&quot;25px&quot;,&quot;opacity&quot;:0,&quot;transformOrigin&quot;:&quot;50% 50% 0px&quot;},&quot;animations&quot;:{&quot;y&quot;:&quot;0px&quot;,&quot;opacity&quot;:1,&quot;transformOrigin&quot;:&quot;50% 50% 0px&quot;}}\" class=\"elementor-column elementor-col-100 elementor-top-column elementor-element elementor-element-5f2bce2\" data-id=\"5f2bce2\" data-element_type=\"column\" data-e-type=\"column\">\n\t\t\t<div class=\"elementor-widget-wrap elementor-element-populated\">\n\t\t\t\t\t\t<div class=\"elementor-element elementor-element-17e7b81 elementor-widget elementor-widget-spacer\" data-id=\"17e7b81\" data-element_type=\"widget\" data-e-type=\"widget\" data-widget_type=\"spacer.default\">\n\t\t\t\t\t\t\t<div class=\"elementor-spacer\">\n\t\t\t<div class=\"elementor-spacer-inner\"><\/div>\n\t\t<\/div>\n\t\t\t\t\t\t<\/div>\n\t\t\t\t<section class=\"elementor-section elementor-inner-section elementor-element elementor-element-a56d35d elementor-section-boxed elementor-section-height-default elementor-section-height-default\" data-id=\"a56d35d\" data-element_type=\"section\" data-e-type=\"section\">\n\t\t\t\t\t\t<div class=\"elementor-container elementor-column-gap-default\">\n\t\t\t\t\t<div class=\"elementor-column elementor-col-100 elementor-inner-column elementor-element elementor-element-a780be2\" data-id=\"a780be2\" data-element_type=\"column\" data-e-type=\"column\">\n\t\t\t<div class=\"elementor-widget-wrap elementor-element-populated\">\n\t\t\t\t\t\t<div class=\"elementor-element elementor-element-f8407bf elementor-widget elementor-widget-spacer\" data-id=\"f8407bf\" data-element_type=\"widget\" data-e-type=\"widget\" data-widget_type=\"spacer.default\">\n\t\t\t\t\t\t\t<div class=\"elementor-spacer\">\n\t\t\t<div class=\"elementor-spacer-inner\"><\/div>\n\t\t<\/div>\n\t\t\t\t\t\t<\/div>\n\t\t\t\t<div class=\"elementor-element elementor-element-2d7bbee elementor-widget elementor-widget-hub_fancy_heading\" data-id=\"2d7bbee\" data-element_type=\"widget\" data-e-type=\"widget\" data-widget_type=\"hub_fancy_heading.default\">\n\t\t\t\t<div class=\"elementor-widget-container\">\n\t\t\t\t\t\n\t\t<div id=\"ld-fancy-heading-69e88c5b54497\" class=\"ld-fancy-heading pos-rel\">\n\t\t\t<p class=\"ld-fh-element d-inline-block pos-rel  lqd-highlight-classic lqd-highlight-grow-left p\"  > UN CAPRICHO DE PRODUCCIONES \u00e9s una productora independent amb seus a Barcelona i Tarragona. Fundada l\u2019any 2008 per David Fern\u00e1ndez, Edu Soto i Santi Su\u00e1rez, va despegar amb la incorporaci\u00f3 com a s\u00f2cia de Bel\u00e9n S\u00e1nchez.\n<br><br>\nAl llarg d\u2019aquests gaireb\u00e9 vint anys, hem pogut treballar amb grans professionals, tant de Catalunya i Espanya, com de l\u2019\u00e0mbit internacional. Produ\u00efm llargmetratges de ficci\u00f3 i documentals, curtmetratges i programes de televisi\u00f3. Es tracta de produccions pr\u00f2pies i de coproducciones nacionals i internacionals, que compten amb el suport d\u2019institucions o programes oficials com Eurimages, ICAA, ICEC, Movistar+, RTVE, 3Cat, \u00c0 Punt... I sempre aspirem a que els nostres productes aconsegueixin el major impacte possible mitjan\u00e7ant estrenes a festivals de primer ordre com Sant Sebasti\u00e0, Berl\u00edn, Toronto, Tallin, Palm Springs o Valladolid, entre altres.\n<br><br>\nQuan li van preguntar al gran productor cinematogr\u00e0fic Albert W. Sands si li agradava produir, va contestar: \"Quina altra cosa podria fer? Produir \u00e9s viure. I viure \u00e9s un caprici. La q\u00fcesti\u00f3 \u00e9s: de qui?\".<\/p>\t\t<\/div>\n\n\t\t\t\t\t\t<\/div>\n\t\t\t\t<\/div>\n\t\t\t\t<div class=\"elementor-element elementor-element-f3081c4 elementor-widget elementor-widget-spacer\" data-id=\"f3081c4\" data-element_type=\"widget\" data-e-type=\"widget\" data-widget_type=\"spacer.default\">\n\t\t\t\t\t\t\t<div class=\"elementor-spacer\">\n\t\t\t<div class=\"elementor-spacer-inner\"><\/div>\n\t\t<\/div>\n\t\t\t\t\t\t<\/div>\n\t\t\t\t\t<\/div>\n\t\t<\/div>\n\t\t\t\t\t<\/div>\n\t\t<\/section>\n\t\t\t\t\t<\/div>\n\t\t<\/div>\n\t\t\t\t\t<\/div>\n\t\t<\/section>\n\t\t\t\t<section data-lqd-custom-cursor=\"true\" class=\"elementor-section elementor-top-section elementor-element elementor-element-135d332 elementor-section-height-min-height elementor-section-items-stretch elementor-section-content-middle elementor-section-boxed elementor-section-height-default\" data-id=\"135d332\" data-element_type=\"section\" data-e-type=\"section\" data-settings=\"{&quot;background_background&quot;:&quot;classic&quot;}\">\n\t\t\t\t\t\t<div class=\"elementor-container elementor-column-gap-no\">\n\t\t\t\t\t<div class=\"elementor-column elementor-col-100 elementor-top-column elementor-element elementor-element-ed9827f\" data-id=\"ed9827f\" data-element_type=\"column\" data-e-type=\"column\">\n\t\t\t<div class=\"elementor-widget-wrap elementor-element-populated\">\n\t\t\t\t\t\t<section class=\"elementor-section elementor-inner-section elementor-element elementor-element-bacd856 elementor-section-boxed elementor-section-height-default elementor-section-height-default\" data-id=\"bacd856\" data-element_type=\"section\" data-e-type=\"section\">\n\t\t\t\t\t\t<div class=\"elementor-container elementor-column-gap-default\">\n\t\t\t\t\t<div class=\"elementor-column elementor-col-33 elementor-inner-column elementor-element elementor-element-901514e\" data-id=\"901514e\" data-element_type=\"column\" data-e-type=\"column\">\n\t\t\t<div class=\"elementor-widget-wrap elementor-element-populated\">\n\t\t\t\t\t\t<div class=\"elementor-element elementor-element-399c12e elementor-position-top elementor-widget elementor-widget-image-box\" data-id=\"399c12e\" data-element_type=\"widget\" data-e-type=\"widget\" data-widget_type=\"image-box.default\">\n\t\t\t\t\t<div class=\"elementor-image-box-wrapper\"><figure class=\"elementor-image-box-img\"><img fetchpriority=\"high\" decoding=\"async\" width=\"729\" height=\"906\" src=\"data:image\/svg+xml;charset=utf-8,%3Csvg xmlns%3D&#039;http%3A%2F%2Fwww.w3.org%2F2000%2Fsvg&#039; viewBox%3D&#039;0 0 729 906&#039;%2F%3E\" class=\"attachment-full size-full wp-image-7794 ld-lazyload\" alt=\"UnCapricho Nosotros Santi\" data-src=\"https:\/\/uncaprichoproducciones.com\/wp-content\/uploads\/2026\/02\/UnCapricho_Nosotros-Santi.png\" data-srcset=\"https:\/\/uncaprichoproducciones.com\/wp-content\/uploads\/2026\/02\/UnCapricho_Nosotros-Santi.png 729w, https:\/\/uncaprichoproducciones.com\/wp-content\/uploads\/2026\/02\/UnCapricho_Nosotros-Santi-241x300.png 241w\" data-sizes=\"(max-width: 729px) 100vw, 729px\" data-aspect=\"0.8046357615894\" \/><\/figure><div class=\"elementor-image-box-content\"><h3 class=\"elementor-image-box-title\">Santi Su\u00e1rez<\/h3><\/div><\/div>\t\t\t\t<\/div>\n\t\t\t\t<div class=\"elementor-element elementor-element-8a0c618 elementor-widget elementor-widget-n-accordion\" data-id=\"8a0c618\" data-element_type=\"widget\" data-e-type=\"widget\" data-settings=\"{&quot;default_state&quot;:&quot;all_collapsed&quot;,&quot;max_items_expended&quot;:&quot;one&quot;,&quot;n_accordion_animation_duration&quot;:{&quot;unit&quot;:&quot;ms&quot;,&quot;size&quot;:400,&quot;sizes&quot;:[]}}\" data-widget_type=\"nested-accordion.default\">\n\t\t\t\t\t\t\t<div class=\"e-n-accordion\" aria-label=\"Accordion. Open links with Enter or Space, close with Escape, and navigate with Arrow Keys\">\n\t\t\t\t\t\t<details id=\"e-n-accordion-item-1440\" class=\"e-n-accordion-item\" >\n\t\t\t\t<summary class=\"e-n-accordion-item-title\" data-accordion-index=\"1\" tabindex=\"0\" aria-expanded=\"false\" aria-controls=\"e-n-accordion-item-1440\" >\n\t\t\t\t\t<span class='e-n-accordion-item-title-header'><div class=\"e-n-accordion-item-title-text\"> Biograf\u00eda <\/div><\/span>\n\t\t\t\t\t\t\t<span class='e-n-accordion-item-title-icon'>\n\t\t\t<span class='e-opened' ><i aria-hidden=\"true\" class=\"lqd-icn-ess icon-ion-ios-close\"><\/i><\/span>\n\t\t\t<span class='e-closed'><svg aria-hidden=\"true\" class=\"e-font-icon-svg e-fas-arrow-down\" viewBox=\"0 0 448 512\" xmlns=\"http:\/\/www.w3.org\/2000\/svg\"><path d=\"M413.1 222.5l22.2 22.2c9.4 9.4 9.4 24.6 0 33.9L241 473c-9.4 9.4-24.6 9.4-33.9 0L12.7 278.6c-9.4-9.4-9.4-24.6 0-33.9l22.2-22.2c9.5-9.5 25-9.3 34.3.4L184 343.4V56c0-13.3 10.7-24 24-24h32c13.3 0 24 10.7 24 24v287.4l114.8-120.5c9.3-9.8 24.8-10 34.3-.4z\"><\/path><\/svg><\/span>\n\t\t<\/span>\n\n\t\t\t\t\t\t<\/summary>\n\t\t\t\t<div role=\"region\" aria-labelledby=\"e-n-accordion-item-1440\" class=\"elementor-element elementor-element-1f9966d e-con-full e-flex e-con e-child\" data-id=\"1f9966d\" data-element_type=\"container\" data-e-type=\"container\">\n\t\t\t\t<div class=\"elementor-element elementor-element-de9a009 elementor-widget elementor-widget-text-editor\" data-id=\"de9a009\" data-element_type=\"widget\" data-e-type=\"widget\" data-widget_type=\"text-editor.default\">\n\t\t\t\t\t\t\t\t\t<p style=\"text-align: justify;\">El Santi va comen\u00e7ar la seva carrera a la televisi\u00f3. Despr\u00e9s de treballar per a diverses productores \u2014El Terrat, Globomedia, Notro TV\u2014, on va ser responsable de dirigir diversos programes d&#8217;entreteniment, va decidir emprendre la seva pr\u00f2pia aventura com a productor. El 2015, juntament amb Bel\u00e9n S\u00e1nchez, va rellan\u00e7ar Un Capricho de Producciones, on combina la feina de producci\u00f3 amb la de guionista i director d&#8217;alguns projectes. Va estrenar el seu primer llargmetratge documental, &#8216;In Memoriam Biel&#8217;, al Festival Internacional de Cinema Documental de Tessal\u00f2nica el 2024. La seva filmografia tamb\u00e9 inclou: &#8216;Tan sumamente ligero&#8217; (documental curt, 2025), &#8216;Nosotros no nos mataremos con pistolas&#8217; (Mar\u00eda Ripoll, 2022), &#8216;Secaderos&#8217; (Roc\u00edo Mesa, 2022), &#8216;La innoc\u00e8ncia&#8217; (2019, Luc\u00eda Alemany, 2019), &#8216;\u00c9s a l&#8217;aire&#8217; (codirigida amb Christophe Sion, 2019), &#8216;Ainhoa, I Am Not That Woman&#8217; (Carolina Astudillo, 2018), &#8216;Negre de merda&#8217; (Manel Serrat, 2018), &#8216;The Jungle Kids&#8217; (2017), &#8216;Priorat&#8217; (David Fern\u00e1ndez de Castro, 2016)&#8230; i dos curtmetratges de ficci\u00f3, &#8216;Inquietante&#8217; (codirigit amb David Fern\u00e1ndez, 2011) i &#8216;&#8230;y gracias&#8217; (2007).<\/p>\t\t\t\t\t\t\t\t<\/div>\n\t\t\t\t<\/div>\n\t\t\t\t\t<\/details>\n\t\t\t\t\t<\/div>\n\t\t\t\t\t\t<\/div>\n\t\t\t\t\t<\/div>\n\t\t<\/div>\n\t\t\t\t<div class=\"elementor-column elementor-col-33 elementor-inner-column elementor-element elementor-element-12eb3c9\" data-id=\"12eb3c9\" data-element_type=\"column\" data-e-type=\"column\">\n\t\t\t<div class=\"elementor-widget-wrap elementor-element-populated\">\n\t\t\t\t\t\t<div class=\"elementor-element elementor-element-2590d7f elementor-position-top elementor-widget elementor-widget-image-box\" data-id=\"2590d7f\" data-element_type=\"widget\" data-e-type=\"widget\" data-widget_type=\"image-box.default\">\n\t\t\t\t\t<div class=\"elementor-image-box-wrapper\"><figure class=\"elementor-image-box-img\"><img decoding=\"async\" width=\"729\" height=\"906\" src=\"data:image\/svg+xml;charset=utf-8,%3Csvg xmlns%3D&#039;http%3A%2F%2Fwww.w3.org%2F2000%2Fsvg&#039; viewBox%3D&#039;0 0 729 906&#039;%2F%3E\" class=\"attachment-full size-full wp-image-7788 ld-lazyload\" alt=\"UnCapricho Nosotros Belen\" data-src=\"https:\/\/uncaprichoproducciones.com\/wp-content\/uploads\/2026\/02\/UnCapricho_Nosotros-Belen.jpg\" data-srcset=\"https:\/\/uncaprichoproducciones.com\/wp-content\/uploads\/2026\/02\/UnCapricho_Nosotros-Belen.jpg 729w, https:\/\/uncaprichoproducciones.com\/wp-content\/uploads\/2026\/02\/UnCapricho_Nosotros-Belen-241x300.jpg 241w\" data-sizes=\"(max-width: 729px) 100vw, 729px\" data-aspect=\"0.8046357615894\" \/><\/figure><div class=\"elementor-image-box-content\"><h3 class=\"elementor-image-box-title\">Bel\u00e9n S\u00e1nchez<\/h3><\/div><\/div>\t\t\t\t<\/div>\n\t\t\t\t<div class=\"elementor-element elementor-element-52af882 elementor-widget elementor-widget-n-accordion\" data-id=\"52af882\" data-element_type=\"widget\" data-e-type=\"widget\" data-settings=\"{&quot;default_state&quot;:&quot;all_collapsed&quot;,&quot;max_items_expended&quot;:&quot;one&quot;,&quot;n_accordion_animation_duration&quot;:{&quot;unit&quot;:&quot;ms&quot;,&quot;size&quot;:400,&quot;sizes&quot;:[]}}\" data-widget_type=\"nested-accordion.default\">\n\t\t\t\t\t\t\t<div class=\"e-n-accordion\" aria-label=\"Accordion. Open links with Enter or Space, close with Escape, and navigate with Arrow Keys\">\n\t\t\t\t\t\t<details id=\"e-n-accordion-item-8670\" class=\"e-n-accordion-item\" >\n\t\t\t\t<summary class=\"e-n-accordion-item-title\" data-accordion-index=\"1\" tabindex=\"0\" aria-expanded=\"false\" aria-controls=\"e-n-accordion-item-8670\" >\n\t\t\t\t\t<span class='e-n-accordion-item-title-header'><div class=\"e-n-accordion-item-title-text\"> Biograf\u00eda <\/div><\/span>\n\t\t\t\t\t\t\t<span class='e-n-accordion-item-title-icon'>\n\t\t\t<span class='e-opened' ><i aria-hidden=\"true\" class=\"lqd-icn-ess icon-ion-ios-close\"><\/i><\/span>\n\t\t\t<span class='e-closed'><svg aria-hidden=\"true\" class=\"e-font-icon-svg e-fas-arrow-down\" viewBox=\"0 0 448 512\" xmlns=\"http:\/\/www.w3.org\/2000\/svg\"><path d=\"M413.1 222.5l22.2 22.2c9.4 9.4 9.4 24.6 0 33.9L241 473c-9.4 9.4-24.6 9.4-33.9 0L12.7 278.6c-9.4-9.4-9.4-24.6 0-33.9l22.2-22.2c9.5-9.5 25-9.3 34.3.4L184 343.4V56c0-13.3 10.7-24 24-24h32c13.3 0 24 10.7 24 24v287.4l114.8-120.5c9.3-9.8 24.8-10 34.3-.4z\"><\/path><\/svg><\/span>\n\t\t<\/span>\n\n\t\t\t\t\t\t<\/summary>\n\t\t\t\t<div role=\"region\" aria-labelledby=\"e-n-accordion-item-8670\" class=\"elementor-element elementor-element-fcf3d60 e-con-full e-flex e-con e-child\" data-id=\"fcf3d60\" data-element_type=\"container\" data-e-type=\"container\">\n\t\t\t\t<div class=\"elementor-element elementor-element-442a2e5 elementor-widget elementor-widget-text-editor\" data-id=\"442a2e5\" data-element_type=\"widget\" data-e-type=\"widget\" data-widget_type=\"text-editor.default\">\n\t\t\t\t\t\t\t\t\t<p style=\"text-align: justify;\">Bel\u00e9n S\u00e1nchez \u00e9s una productora hispanoargentina, formada a l&#8217;Argentina i a Europa. Despr\u00e9s d&#8217;estudiar les carreres de Psicologia i Filosofia, va trobar la seva veritable vocaci\u00f3 en el cinema. Amb 25 anys, va aconseguir la seva primera feina a la ind\u00fastria a Cromosoma. Cromosoma era un dels estudis d&#8217;animaci\u00f3 m\u00e9s grans d&#8217;Espanya, amb un important departament de documentals. La Bel\u00e9n va treballar-hi fins al 2011, quan va deixar l&#8217;empresa per estudiar el M\u00e0ster Europeu en Gesti\u00f3 Audiovisual (MEGA PLUS), a la Media Business School, i per dedicar-se a la producci\u00f3. El MEGA la va portar a fer pr\u00e0ctiques al Departament de Coproducci\u00f3 de l&#8217;ICAA (Institut de Cinematografia i Arts Audiovisuals) i, immediatament despr\u00e9s, el 2012, es va incorporar a Rebeli\u00f3n Terrestre Film com a executiva de desenvolupament i productora associada. A Rebeli\u00f3n Terrestre, va desenvolupar diversos films de terror, suspens i fantasia, i va estrenar &#8216;Los \u00faltimos d\u00edas&#8217; (Alex i David Pastor) i &#8216;Summer Camp&#8217; (Alberto Marini, 2015). La Bel\u00e9n va deixar Rebeli\u00f3n Terrestre per convertir-se en s\u00f2cia d&#8217;Un Capricho de Producciones, juntament amb el productor i guionista Santi Su\u00e1rez. Aqu\u00ed, hi va desenvolupar gran part de la seva filmografia \u2013&#8217;In Memoriam Biel&#8217; (Santi Su\u00e1rez, 2024), &#8216;Secaderos&#8217; (Roc\u00edo Mesa, 2022), &#8216;Nosaltres no ens matarem amb pistoles&#8217; (Maria Ripoll, 2022), &#8216;150 i una grossa&#8217; (N. Deulofeu \/ A. Sulli, 2020), &#8216;\u00c9s a l&#8217;aire&#8217; (Ch. Sion \/ Santi Su\u00e1rez, 2020), &#8216;La innoc\u00e8ncia&#8217; (Lucia Alemany, 2019), &#8216;Ainhoa, yo no soy \u00e9sa&#8217; (Carolina Astudillo, 2018)&#8230;\u2014, alhora que col\u00b7laborava amb altres productores com Polar Star Films. Actualment, la Bel\u00e9n est\u00e0 desenvolupant la seva carrera a trav\u00e9s de Peculiar Films.<\/p>\t\t\t\t\t\t\t\t<\/div>\n\t\t\t\t<\/div>\n\t\t\t\t\t<\/details>\n\t\t\t\t\t<\/div>\n\t\t\t\t\t\t<\/div>\n\t\t\t\t\t<\/div>\n\t\t<\/div>\n\t\t\t\t<div class=\"elementor-column elementor-col-33 elementor-inner-column elementor-element elementor-element-27ecdf8\" data-id=\"27ecdf8\" data-element_type=\"column\" data-e-type=\"column\">\n\t\t\t<div class=\"elementor-widget-wrap elementor-element-populated\">\n\t\t\t\t\t\t<div class=\"elementor-element elementor-element-680e686 elementor-position-top elementor-widget elementor-widget-image-box\" data-id=\"680e686\" data-element_type=\"widget\" data-e-type=\"widget\" data-widget_type=\"image-box.default\">\n\t\t\t\t\t<div class=\"elementor-image-box-wrapper\"><figure class=\"elementor-image-box-img\"><img decoding=\"async\" width=\"729\" height=\"906\" src=\"data:image\/svg+xml;charset=utf-8,%3Csvg xmlns%3D&#039;http%3A%2F%2Fwww.w3.org%2F2000%2Fsvg&#039; viewBox%3D&#039;0 0 729 906&#039;%2F%3E\" class=\"attachment-full size-full wp-image-7791 ld-lazyload\" alt=\"UnCapricho Nosotros Eudald\" data-src=\"https:\/\/uncaprichoproducciones.com\/wp-content\/uploads\/2026\/02\/UnCapricho_Nosotros-Eudald.png\" data-srcset=\"https:\/\/uncaprichoproducciones.com\/wp-content\/uploads\/2026\/02\/UnCapricho_Nosotros-Eudald.png 729w, https:\/\/uncaprichoproducciones.com\/wp-content\/uploads\/2026\/02\/UnCapricho_Nosotros-Eudald-241x300.png 241w\" data-sizes=\"(max-width: 729px) 100vw, 729px\" data-aspect=\"0.8046357615894\" \/><\/figure><div class=\"elementor-image-box-content\"><h3 class=\"elementor-image-box-title\">Eudald Corominas<\/h3><\/div><\/div>\t\t\t\t<\/div>\n\t\t\t\t<div class=\"elementor-element elementor-element-80990df elementor-widget elementor-widget-n-accordion\" data-id=\"80990df\" data-element_type=\"widget\" data-e-type=\"widget\" data-settings=\"{&quot;default_state&quot;:&quot;all_collapsed&quot;,&quot;max_items_expended&quot;:&quot;one&quot;,&quot;n_accordion_animation_duration&quot;:{&quot;unit&quot;:&quot;ms&quot;,&quot;size&quot;:400,&quot;sizes&quot;:[]}}\" data-widget_type=\"nested-accordion.default\">\n\t\t\t\t\t\t\t<div class=\"e-n-accordion\" aria-label=\"Accordion. Open links with Enter or Space, close with Escape, and navigate with Arrow Keys\">\n\t\t\t\t\t\t<details id=\"e-n-accordion-item-1340\" class=\"e-n-accordion-item\" >\n\t\t\t\t<summary class=\"e-n-accordion-item-title\" data-accordion-index=\"1\" tabindex=\"0\" aria-expanded=\"false\" aria-controls=\"e-n-accordion-item-1340\" >\n\t\t\t\t\t<span class='e-n-accordion-item-title-header'><div class=\"e-n-accordion-item-title-text\"> Biograf\u00eda <\/div><\/span>\n\t\t\t\t\t\t\t<span class='e-n-accordion-item-title-icon'>\n\t\t\t<span class='e-opened' ><i aria-hidden=\"true\" class=\"lqd-icn-ess icon-ion-ios-close\"><\/i><\/span>\n\t\t\t<span class='e-closed'><svg aria-hidden=\"true\" class=\"e-font-icon-svg e-fas-arrow-down\" viewBox=\"0 0 448 512\" xmlns=\"http:\/\/www.w3.org\/2000\/svg\"><path d=\"M413.1 222.5l22.2 22.2c9.4 9.4 9.4 24.6 0 33.9L241 473c-9.4 9.4-24.6 9.4-33.9 0L12.7 278.6c-9.4-9.4-9.4-24.6 0-33.9l22.2-22.2c9.5-9.5 25-9.3 34.3.4L184 343.4V56c0-13.3 10.7-24 24-24h32c13.3 0 24 10.7 24 24v287.4l114.8-120.5c9.3-9.8 24.8-10 34.3-.4z\"><\/path><\/svg><\/span>\n\t\t<\/span>\n\n\t\t\t\t\t\t<\/summary>\n\t\t\t\t<div role=\"region\" aria-labelledby=\"e-n-accordion-item-1340\" class=\"elementor-element elementor-element-e30a353 e-con-full e-flex e-con e-child\" data-id=\"e30a353\" data-element_type=\"container\" data-e-type=\"container\">\n\t\t\t\t<div class=\"elementor-element elementor-element-6613eb8 elementor-widget elementor-widget-text-editor\" data-id=\"6613eb8\" data-element_type=\"widget\" data-e-type=\"widget\" data-widget_type=\"text-editor.default\">\n\t\t\t\t\t\t\t\t\t<p style=\"text-align: justify;\">L\u2019Eudald Corominas es va graduar en Cinema i Mitjans Audiovisuals a l\u2019ESCAC. La seva traject\u00f2ria professional s\u2019ha desenvolupat tant en el camp de la ficci\u00f3 com del documental, assumint responsabilitats creixents dins l\u2019equip de producci\u00f3.<\/p><p style=\"text-align: justify;\">El 2024 va completar el M\u00e0ster en Producci\u00f3 Executiva Audiovisual a Blanquerna \/ PROA i es va incorporar a la productora Un Capricho de Producciones, consolidant aix\u00ed el seu perfil com a productor executiu.<\/p><p style=\"text-align: justify;\">Ha exercit com a director de producci\u00f3 i cap de producci\u00f3 en projectes com el llargmetratge \u2018<em>Al cim\u2019<\/em> (Ignasi Gisbert, 2024) i el documental internacional \u2018<em>Shevchenko: A Letter from Ukraine\u2019<\/em> (2023), \u2018Castells de ci\u00e8ncia\u2019 (Carles Cort\u00e9s, 2026).<\/p><p style=\"text-align: justify;\">Com a director, ha realitzat diversos espots i curtmetratges, com <em>Her\u00e8ncia<\/em> (2021), i recentment ha assumit la direcci\u00f3 del documental \u2018<em>Els Sons de la Diada\u2019<\/em> (La Xarxa+ \/ 3Cat \/ RTVE, 2026).<\/p><p style=\"text-align: justify;\">Actualment, combina la seva tasca com a director i productor amb el desenvolupament de nous projectes audiovisuals.<\/p>\t\t\t\t\t\t\t\t<\/div>\n\t\t\t\t<\/div>\n\t\t\t\t\t<\/details>\n\t\t\t\t\t<\/div>\n\t\t\t\t\t\t<\/div>\n\t\t\t\t\t<\/div>\n\t\t<\/div>\n\t\t\t\t\t<\/div>\n\t\t<\/section>\n\t\t\t\t<section class=\"elementor-section elementor-inner-section elementor-element elementor-element-becaf00 elementor-section-boxed elementor-section-height-default elementor-section-height-default\" data-id=\"becaf00\" data-element_type=\"section\" data-e-type=\"section\">\n\t\t\t\t\t\t<div class=\"elementor-container elementor-column-gap-default\">\n\t\t\t\t\t<div class=\"elementor-column elementor-col-100 elementor-inner-column elementor-element elementor-element-33bddcc\" data-id=\"33bddcc\" data-element_type=\"column\" data-e-type=\"column\">\n\t\t\t<div class=\"elementor-widget-wrap\">\n\t\t\t\t\t\t\t<\/div>\n\t\t<\/div>\n\t\t\t\t\t<\/div>\n\t\t<\/section>\n\t\t\t\t\t<\/div>\n\t\t<\/div>\n\t\t\t\t\t<\/div>\n\t\t<\/section>\n\t\t\t\t<\/div>\n\t\t","protected":false},"excerpt":{"rendered":"<p>UN CAPRICHO DE PRODUCCIONES \u00e9s una productora independent amb seus a Barcelona i Tarragona. Fundada l\u2019any 2008 per David Fern\u00e1ndez, Edu Soto i Santi Su\u00e1rez, va despegar amb la incorporaci\u00f3 com a s\u00f2cia de Bel\u00e9n S\u00e1nchez. Al llarg d\u2019aquests gaireb\u00e9 vint anys, hem pogut treballar amb grans professionals, tant de Catalunya i Espanya, com de [&hellip;]<\/p>\n","protected":false},"author":1,"featured_media":0,"parent":0,"menu_order":2,"comment_status":"closed","ping_status":"closed","template":"elementor_header_footer","meta":{"_monsterinsights_skip_tracking":false,"_monsterinsights_sitenote_active":false,"_monsterinsights_sitenote_note":"","_monsterinsights_sitenote_category":0,"footnotes":""},"class_list":["post-5184","page","type-page","status-publish","hentry"],"aioseo_notices":[],"_links":{"self":[{"href":"https:\/\/uncaprichoproducciones.com\/ca\/wp-json\/wp\/v2\/pages\/5184","targetHints":{"allow":["GET"]}}],"collection":[{"href":"https:\/\/uncaprichoproducciones.com\/ca\/wp-json\/wp\/v2\/pages"}],"about":[{"href":"https:\/\/uncaprichoproducciones.com\/ca\/wp-json\/wp\/v2\/types\/page"}],"author":[{"embeddable":true,"href":"https:\/\/uncaprichoproducciones.com\/ca\/wp-json\/wp\/v2\/users\/1"}],"replies":[{"embeddable":true,"href":"https:\/\/uncaprichoproducciones.com\/ca\/wp-json\/wp\/v2\/comments?post=5184"}],"version-history":[{"count":24,"href":"https:\/\/uncaprichoproducciones.com\/ca\/wp-json\/wp\/v2\/pages\/5184\/revisions"}],"predecessor-version":[{"id":9180,"href":"https:\/\/uncaprichoproducciones.com\/ca\/wp-json\/wp\/v2\/pages\/5184\/revisions\/9180"}],"wp:attachment":[{"href":"https:\/\/uncaprichoproducciones.com\/ca\/wp-json\/wp\/v2\/media?parent=5184"}],"curies":[{"name":"wp","href":"https:\/\/api.w.org\/{rel}","templated":true}]}}