{"id":5185,"date":"2021-10-11T12:11:16","date_gmt":"2021-10-11T10:11:16","guid":{"rendered":"https:\/\/uncaprichoproducciones.online\/nosotros\/"},"modified":"2026-04-08T11:06:08","modified_gmt":"2026-04-08T09:06:08","slug":"us","status":"publish","type":"page","link":"https:\/\/uncaprichoproducciones.com\/en\/us\/","title":{"rendered":"Us"},"content":{"rendered":"\t\t<div data-elementor-type=\"wp-page\" data-elementor-id=\"5185\" class=\"elementor elementor-5185 elementor-24\" data-elementor-post-type=\"page\">\n\t\t\t\t\t\t<section data-lqd-custom-cursor=\"true\" class=\"elementor-section elementor-top-section elementor-element elementor-element-43d57bb elementor-section-height-min-height elementor-section-items-stretch elementor-section-content-middle elementor-section-boxed elementor-section-height-default\" data-id=\"43d57bb\" data-element_type=\"section\" data-e-type=\"section\" data-settings=\"{&quot;background_background&quot;:&quot;classic&quot;}\">\n\t\t\t\t\t\t<div class=\"elementor-container elementor-column-gap-no\">\n\t\t\t\t\t<div data-custom-animations=\"true\" data-ca-options=\"{&quot;addChildTimelines&quot;:false,&quot;trigger&quot;:&quot;firstChild&quot;,&quot;animationTarget&quot;:&quot;:scope &gt; .elementor-widget-wrap &gt; .elementor-element &gt; .elementor-widget-container, :scope &gt; .elementor-widget-wrap &gt; .elementor-section &gt; .elementor-container &gt; .elementor-column &gt; .elementor-widget-wrap &gt; .elementor-element:not(.lqd-el-has-inner-anim) &gt; .elementor-widget-container, :scope &gt; .elementor-widget-wrap &gt; .elementor-widget-hub_fancy_heading .lqd-split-lines .lqd-lines .split-inner, :scope &gt; .elementor-widget-wrap &gt; .elementor-widget-hub_fancy_heading .lqd-split-words .lqd-words .split-inner, :scope &gt; .elementor-widget-wrap &gt; .elementor-widget-hub_fancy_heading .lqd-split-chars .lqd-chars .split-inner, :scope &gt; .elementor-widget-wrap &gt; .elementor-widget-ld_custom_menu .lqd-fancy-menu &gt; ul &gt; li&quot;,&quot;startDelay&quot;:800,&quot;ease&quot;:[&quot;power4.out&quot;],&quot;initValues&quot;:{&quot;y&quot;:&quot;25px&quot;,&quot;opacity&quot;:0,&quot;transformOrigin&quot;:&quot;50% 50% 0px&quot;},&quot;animations&quot;:{&quot;y&quot;:&quot;0px&quot;,&quot;opacity&quot;:1,&quot;transformOrigin&quot;:&quot;50% 50% 0px&quot;}}\" class=\"elementor-column elementor-col-100 elementor-top-column elementor-element elementor-element-5f2bce2\" data-id=\"5f2bce2\" data-element_type=\"column\" data-e-type=\"column\">\n\t\t\t<div class=\"elementor-widget-wrap elementor-element-populated\">\n\t\t\t\t\t\t<div class=\"elementor-element elementor-element-17e7b81 elementor-widget elementor-widget-spacer\" data-id=\"17e7b81\" data-element_type=\"widget\" data-e-type=\"widget\" data-widget_type=\"spacer.default\">\n\t\t\t\t\t\t\t<div class=\"elementor-spacer\">\n\t\t\t<div class=\"elementor-spacer-inner\"><\/div>\n\t\t<\/div>\n\t\t\t\t\t\t<\/div>\n\t\t\t\t<section class=\"elementor-section elementor-inner-section elementor-element elementor-element-a56d35d elementor-section-boxed elementor-section-height-default elementor-section-height-default\" data-id=\"a56d35d\" data-element_type=\"section\" data-e-type=\"section\">\n\t\t\t\t\t\t<div class=\"elementor-container elementor-column-gap-default\">\n\t\t\t\t\t<div class=\"elementor-column elementor-col-100 elementor-inner-column elementor-element elementor-element-a780be2\" data-id=\"a780be2\" data-element_type=\"column\" data-e-type=\"column\">\n\t\t\t<div class=\"elementor-widget-wrap elementor-element-populated\">\n\t\t\t\t\t\t<div class=\"elementor-element elementor-element-f8407bf elementor-widget elementor-widget-spacer\" data-id=\"f8407bf\" data-element_type=\"widget\" data-e-type=\"widget\" data-widget_type=\"spacer.default\">\n\t\t\t\t\t\t\t<div class=\"elementor-spacer\">\n\t\t\t<div class=\"elementor-spacer-inner\"><\/div>\n\t\t<\/div>\n\t\t\t\t\t\t<\/div>\n\t\t\t\t<div class=\"elementor-element elementor-element-2d7bbee elementor-widget elementor-widget-hub_fancy_heading\" data-id=\"2d7bbee\" data-element_type=\"widget\" data-e-type=\"widget\" data-widget_type=\"hub_fancy_heading.default\">\n\t\t\t\t<div class=\"elementor-widget-container\">\n\t\t\t\t\t\n\t\t<div id=\"ld-fancy-heading-69eb2c34586af\" class=\"ld-fancy-heading pos-rel\">\n\t\t\t<p class=\"ld-fh-element d-inline-block pos-rel  lqd-highlight-classic lqd-highlight-grow-left p\"  > UN CAPRICHO DE PRODUCCIONES is an independent production company based in Barcelona and Tarragona. Founded in 2008 by David Fern\u00e1ndez, Edu Soto and Santi Su\u00e1rez, it took off in 2015 with the arrival of Bel\u00e9n S\u00e1nchez as a partner.\n<br><br>\nOver the course of nearly twenty years, we have had the opportunity to work with leading professionals in Catalonia, Spain and internationally. We produce feature films and documentaries, short films and television shows. They are in-house productions and national and international co-productions, supported by official institutions or programmes such as Eurimages, ICAA, ICEC, Movistar+, RTVE, 3Cat, \u00c0 Punt... We always aim for our products to achieve the greatest possible impact through premieres at leading film festivals such as San Sebasti\u00e1n, IDFA, Berlinale, Toronto, Tallinn, Palm Springs, M\u00e1laga and Valladolid, among others. \n<br><br>\nWhen the great film producer Albert W. Sands was asked if he liked producing, he replied: \u201cWhat else could I do? Producing is living. And living is a whim. The question is: whose whim?\u201d<\/p>\t\t<\/div>\n\n\t\t\t\t\t\t<\/div>\n\t\t\t\t<\/div>\n\t\t\t\t<div class=\"elementor-element elementor-element-f3081c4 elementor-widget elementor-widget-spacer\" data-id=\"f3081c4\" data-element_type=\"widget\" data-e-type=\"widget\" data-widget_type=\"spacer.default\">\n\t\t\t\t\t\t\t<div class=\"elementor-spacer\">\n\t\t\t<div class=\"elementor-spacer-inner\"><\/div>\n\t\t<\/div>\n\t\t\t\t\t\t<\/div>\n\t\t\t\t\t<\/div>\n\t\t<\/div>\n\t\t\t\t\t<\/div>\n\t\t<\/section>\n\t\t\t\t\t<\/div>\n\t\t<\/div>\n\t\t\t\t\t<\/div>\n\t\t<\/section>\n\t\t\t\t<section data-lqd-custom-cursor=\"true\" class=\"elementor-section elementor-top-section elementor-element elementor-element-135d332 elementor-section-height-min-height elementor-section-items-stretch elementor-section-content-middle elementor-section-boxed elementor-section-height-default\" data-id=\"135d332\" data-element_type=\"section\" data-e-type=\"section\" data-settings=\"{&quot;background_background&quot;:&quot;classic&quot;}\">\n\t\t\t\t\t\t<div class=\"elementor-container elementor-column-gap-no\">\n\t\t\t\t\t<div class=\"elementor-column elementor-col-100 elementor-top-column elementor-element elementor-element-ed9827f\" data-id=\"ed9827f\" data-element_type=\"column\" data-e-type=\"column\">\n\t\t\t<div class=\"elementor-widget-wrap elementor-element-populated\">\n\t\t\t\t\t\t<section class=\"elementor-section elementor-inner-section elementor-element elementor-element-bacd856 elementor-section-boxed elementor-section-height-default elementor-section-height-default\" data-id=\"bacd856\" data-element_type=\"section\" data-e-type=\"section\">\n\t\t\t\t\t\t<div class=\"elementor-container elementor-column-gap-default\">\n\t\t\t\t\t<div class=\"elementor-column elementor-col-33 elementor-inner-column elementor-element elementor-element-901514e\" data-id=\"901514e\" data-element_type=\"column\" data-e-type=\"column\">\n\t\t\t<div class=\"elementor-widget-wrap elementor-element-populated\">\n\t\t\t\t\t\t<div class=\"elementor-element elementor-element-399c12e elementor-position-top elementor-widget elementor-widget-image-box\" data-id=\"399c12e\" data-element_type=\"widget\" data-e-type=\"widget\" data-widget_type=\"image-box.default\">\n\t\t\t\t\t<div class=\"elementor-image-box-wrapper\"><figure class=\"elementor-image-box-img\"><img fetchpriority=\"high\" decoding=\"async\" width=\"729\" height=\"906\" src=\"https:\/\/uncaprichoproducciones.com\/wp-content\/uploads\/2026\/02\/UnCapricho_Nosotros-Santi.png\" class=\"attachment-full size-full wp-image-7795\" alt=\"\" srcset=\"https:\/\/uncaprichoproducciones.com\/wp-content\/uploads\/2026\/02\/UnCapricho_Nosotros-Santi.png 729w, https:\/\/uncaprichoproducciones.com\/wp-content\/uploads\/2026\/02\/UnCapricho_Nosotros-Santi-241x300.png 241w\" sizes=\"(max-width: 729px) 100vw, 729px\" \/><\/figure><div class=\"elementor-image-box-content\"><h3 class=\"elementor-image-box-title\">Santi Su\u00e1rez<\/h3><\/div><\/div>\t\t\t\t<\/div>\n\t\t\t\t<div class=\"elementor-element elementor-element-8a0c618 elementor-widget elementor-widget-n-accordion\" data-id=\"8a0c618\" data-element_type=\"widget\" data-e-type=\"widget\" data-settings=\"{&quot;default_state&quot;:&quot;all_collapsed&quot;,&quot;max_items_expended&quot;:&quot;one&quot;,&quot;n_accordion_animation_duration&quot;:{&quot;unit&quot;:&quot;ms&quot;,&quot;size&quot;:400,&quot;sizes&quot;:[]}}\" data-widget_type=\"nested-accordion.default\">\n\t\t\t\t\t\t\t<div class=\"e-n-accordion\" aria-label=\"Accordion. Open links with Enter or Space, close with Escape, and navigate with Arrow Keys\">\n\t\t\t\t\t\t<details id=\"e-n-accordion-item-1440\" class=\"e-n-accordion-item\" >\n\t\t\t\t<summary class=\"e-n-accordion-item-title\" data-accordion-index=\"1\" tabindex=\"0\" aria-expanded=\"false\" aria-controls=\"e-n-accordion-item-1440\" >\n\t\t\t\t\t<span class='e-n-accordion-item-title-header'><div class=\"e-n-accordion-item-title-text\"> Biography <\/div><\/span>\n\t\t\t\t\t\t\t<span class='e-n-accordion-item-title-icon'>\n\t\t\t<span class='e-opened' ><i aria-hidden=\"true\" class=\"lqd-icn-ess icon-ion-ios-close\"><\/i><\/span>\n\t\t\t<span class='e-closed'><svg aria-hidden=\"true\" class=\"e-font-icon-svg e-fas-arrow-down\" viewBox=\"0 0 448 512\" xmlns=\"http:\/\/www.w3.org\/2000\/svg\"><path d=\"M413.1 222.5l22.2 22.2c9.4 9.4 9.4 24.6 0 33.9L241 473c-9.4 9.4-24.6 9.4-33.9 0L12.7 278.6c-9.4-9.4-9.4-24.6 0-33.9l22.2-22.2c9.5-9.5 25-9.3 34.3.4L184 343.4V56c0-13.3 10.7-24 24-24h32c13.3 0 24 10.7 24 24v287.4l114.8-120.5c9.3-9.8 24.8-10 34.3-.4z\"><\/path><\/svg><\/span>\n\t\t<\/span>\n\n\t\t\t\t\t\t<\/summary>\n\t\t\t\t<div role=\"region\" aria-labelledby=\"e-n-accordion-item-1440\" class=\"elementor-element elementor-element-1f9966d e-con-full e-flex e-con e-child\" data-id=\"1f9966d\" data-element_type=\"container\" data-e-type=\"container\">\n\t\t\t\t<div class=\"elementor-element elementor-element-de9a009 elementor-widget elementor-widget-text-editor\" data-id=\"de9a009\" data-element_type=\"widget\" data-e-type=\"widget\" data-widget_type=\"text-editor.default\">\n\t\t\t\t\t\t\t\t\t<p style=\"text-align: justify;\">Santi started out in television. After working for several production companies\u2014El Terrat, Globomedia, Notro TV\u2014where he was in charge of directing TV shows, he decided to embark on his own adventure as a producer. In 2015, together with Bel\u00e9n S\u00e1nchez, he relaunched Un Capricho de Producciones, where he combines production work with writing and directing. He premiered his first feature-length documentary, \u201cIn Memoriam Biel\u201d, at the Thessaloniki International Documentary Film Festival in 2024. His filmography also includes: \u201cTan sumamente ligero\u201d (short documentary, 2025), \u201cNosotros no nos mataremos con pistolas\u201d (Mar\u00eda Ripoll, 2022), \u201cSecaderos\u201d (Roc\u00edo Mesa, 2022), \u201cLa innoc\u00e8ncia\u201d (2019, Luc\u00eda Alemany, 2019), &#8216;\u00c9s a l&#8217;aire&#8217; (co-directed with Christophe Sion, 2019), &#8216;Ainhoa, I Am Not That Woman (Carolina Astudillo, 2018), Black Shit (Manel Serrat, 2018), The Jungle Kids (2017), Priorat (David Fern\u00e1ndez de Castro, 2016)&#8230; and two fiction short films, \u201cInquietante\u201d (co-directed with David Fern\u00e1ndez, 2011) and \u201c&#8230;y gracias\u201d (2007).<\/p>\t\t\t\t\t\t\t\t<\/div>\n\t\t\t\t<\/div>\n\t\t\t\t\t<\/details>\n\t\t\t\t\t<\/div>\n\t\t\t\t\t\t<\/div>\n\t\t\t\t\t<\/div>\n\t\t<\/div>\n\t\t\t\t<div class=\"elementor-column elementor-col-33 elementor-inner-column elementor-element elementor-element-12eb3c9\" data-id=\"12eb3c9\" data-element_type=\"column\" data-e-type=\"column\">\n\t\t\t<div class=\"elementor-widget-wrap elementor-element-populated\">\n\t\t\t\t\t\t<div class=\"elementor-element elementor-element-2590d7f elementor-position-top elementor-widget elementor-widget-image-box\" data-id=\"2590d7f\" data-element_type=\"widget\" data-e-type=\"widget\" data-widget_type=\"image-box.default\">\n\t\t\t\t\t<div class=\"elementor-image-box-wrapper\"><figure class=\"elementor-image-box-img\"><img decoding=\"async\" width=\"729\" height=\"906\" src=\"data:image\/svg+xml;charset=utf-8,%3Csvg xmlns%3D&#039;http%3A%2F%2Fwww.w3.org%2F2000%2Fsvg&#039; viewBox%3D&#039;0 0 729 906&#039;%2F%3E\" class=\"attachment-full size-full wp-image-7789 ld-lazyload\" alt=\"\" data-src=\"https:\/\/uncaprichoproducciones.com\/wp-content\/uploads\/2026\/02\/UnCapricho_Nosotros-Belen.jpg\" data-srcset=\"https:\/\/uncaprichoproducciones.com\/wp-content\/uploads\/2026\/02\/UnCapricho_Nosotros-Belen.jpg 729w, https:\/\/uncaprichoproducciones.com\/wp-content\/uploads\/2026\/02\/UnCapricho_Nosotros-Belen-241x300.jpg 241w\" data-sizes=\"(max-width: 729px) 100vw, 729px\" data-aspect=\"0.8046357615894\" \/><\/figure><div class=\"elementor-image-box-content\"><h3 class=\"elementor-image-box-title\">Bel\u00e9n S\u00e1nchez<\/h3><\/div><\/div>\t\t\t\t<\/div>\n\t\t\t\t<div class=\"elementor-element elementor-element-52af882 elementor-widget elementor-widget-n-accordion\" data-id=\"52af882\" data-element_type=\"widget\" data-e-type=\"widget\" data-settings=\"{&quot;default_state&quot;:&quot;all_collapsed&quot;,&quot;max_items_expended&quot;:&quot;one&quot;,&quot;n_accordion_animation_duration&quot;:{&quot;unit&quot;:&quot;ms&quot;,&quot;size&quot;:400,&quot;sizes&quot;:[]}}\" data-widget_type=\"nested-accordion.default\">\n\t\t\t\t\t\t\t<div class=\"e-n-accordion\" aria-label=\"Accordion. Open links with Enter or Space, close with Escape, and navigate with Arrow Keys\">\n\t\t\t\t\t\t<details id=\"e-n-accordion-item-8670\" class=\"e-n-accordion-item\" >\n\t\t\t\t<summary class=\"e-n-accordion-item-title\" data-accordion-index=\"1\" tabindex=\"0\" aria-expanded=\"false\" aria-controls=\"e-n-accordion-item-8670\" >\n\t\t\t\t\t<span class='e-n-accordion-item-title-header'><div class=\"e-n-accordion-item-title-text\"> Biography <\/div><\/span>\n\t\t\t\t\t\t\t<span class='e-n-accordion-item-title-icon'>\n\t\t\t<span class='e-opened' ><i aria-hidden=\"true\" class=\"lqd-icn-ess icon-ion-ios-close\"><\/i><\/span>\n\t\t\t<span class='e-closed'><svg aria-hidden=\"true\" class=\"e-font-icon-svg e-fas-arrow-down\" viewBox=\"0 0 448 512\" xmlns=\"http:\/\/www.w3.org\/2000\/svg\"><path d=\"M413.1 222.5l22.2 22.2c9.4 9.4 9.4 24.6 0 33.9L241 473c-9.4 9.4-24.6 9.4-33.9 0L12.7 278.6c-9.4-9.4-9.4-24.6 0-33.9l22.2-22.2c9.5-9.5 25-9.3 34.3.4L184 343.4V56c0-13.3 10.7-24 24-24h32c13.3 0 24 10.7 24 24v287.4l114.8-120.5c9.3-9.8 24.8-10 34.3-.4z\"><\/path><\/svg><\/span>\n\t\t<\/span>\n\n\t\t\t\t\t\t<\/summary>\n\t\t\t\t<div role=\"region\" aria-labelledby=\"e-n-accordion-item-8670\" class=\"elementor-element elementor-element-fcf3d60 e-con-full e-flex e-con e-child\" data-id=\"fcf3d60\" data-element_type=\"container\" data-e-type=\"container\">\n\t\t\t\t<div class=\"elementor-element elementor-element-442a2e5 elementor-widget elementor-widget-text-editor\" data-id=\"442a2e5\" data-element_type=\"widget\" data-e-type=\"widget\" data-widget_type=\"text-editor.default\">\n\t\t\t\t\t\t\t\t\t<p style=\"text-align: justify;\">Bel\u00e9n S\u00e1nchez is a Spanish-Argentinian producer who was educated in Argentina and Europe. After studying Psychology and Philosophy, she found her true calling in film. At the age of 25, she got her first job in the industry at Cromosoma. Cromosoma was one of the largest animation studios in Spain, with a great passion for documentaries. Bel\u00e9n worked there until 2011, when she left the company to study the European Master&#8217;s Degree in Audiovisual Management (MEGA PLUS) at the Media Business School. The MEGA led her to do an internship in the Co-production Department of the ICAA (Institute of Cinematography and Audiovisual Arts) and, immediately afterwards, in 2012, she joined Rebeli\u00f3n Terrestre Film as a development executive and associate producer. At Rebeli\u00f3n Terrestre, she developed several horror, suspense and fantasy films and released \u201cLos \u00faltimos d\u00edas\u201d (Alex and David Pastor) and \u201cSummer Camp\u201d (Alberto Marini, 2015). Bel\u00e9n left Rebeli\u00f3n Terrestre to become a full partner in Un Capricho de Producciones, alongside producer and screenwriter Santi Su\u00e1rez. Here, she developed a large part of her filmography \u2013 \u201cIn Memoriam Biel\u201d (Santi Su\u00e1rez, 2024), \u201cSecaderos\u201d (Roc\u00edo Mesa, 2022), \u201cNosaltres no ens matarem amb pistoles\u201d (Maria Ripoll, 2022), \u201c150 i una grossa\u201d (N. Deulofeu \/ A. Sulli, 2020), \u201c\u00c9s a l&#8217;aire\u201d (Ch. Sion \/ Santi Su\u00e1rez, 2020), \u201cLa innoc\u00e8ncia\u201d (Lucia Alemany, 2019), \u201cAinhoa, yo no soy \u00e9sa\u201d (Carolina Astudillo, 2018)&#8230;\u2014, while collaborating with other production companies such as Polar Star Films. Bel\u00e9n is currently working at Peculiar Films.<\/p>\t\t\t\t\t\t\t\t<\/div>\n\t\t\t\t<\/div>\n\t\t\t\t\t<\/details>\n\t\t\t\t\t<\/div>\n\t\t\t\t\t\t<\/div>\n\t\t\t\t\t<\/div>\n\t\t<\/div>\n\t\t\t\t<div class=\"elementor-column elementor-col-33 elementor-inner-column elementor-element elementor-element-1bf2854\" data-id=\"1bf2854\" data-element_type=\"column\" data-e-type=\"column\">\n\t\t\t<div class=\"elementor-widget-wrap elementor-element-populated\">\n\t\t\t\t\t\t<div class=\"elementor-element elementor-element-680e686 elementor-position-top elementor-widget elementor-widget-image-box\" data-id=\"680e686\" data-element_type=\"widget\" data-e-type=\"widget\" data-widget_type=\"image-box.default\">\n\t\t\t\t\t<div class=\"elementor-image-box-wrapper\"><figure class=\"elementor-image-box-img\"><img decoding=\"async\" width=\"729\" height=\"906\" src=\"data:image\/svg+xml;charset=utf-8,%3Csvg xmlns%3D&#039;http%3A%2F%2Fwww.w3.org%2F2000%2Fsvg&#039; viewBox%3D&#039;0 0 729 906&#039;%2F%3E\" class=\"attachment-full size-full wp-image-7792 ld-lazyload\" alt=\"\" data-src=\"https:\/\/uncaprichoproducciones.com\/wp-content\/uploads\/2026\/02\/UnCapricho_Nosotros-Eudald.png\" data-srcset=\"https:\/\/uncaprichoproducciones.com\/wp-content\/uploads\/2026\/02\/UnCapricho_Nosotros-Eudald.png 729w, https:\/\/uncaprichoproducciones.com\/wp-content\/uploads\/2026\/02\/UnCapricho_Nosotros-Eudald-241x300.png 241w\" data-sizes=\"(max-width: 729px) 100vw, 729px\" data-aspect=\"0.8046357615894\" \/><\/figure><div class=\"elementor-image-box-content\"><h3 class=\"elementor-image-box-title\">Eudald Corominas<\/h3><\/div><\/div>\t\t\t\t<\/div>\n\t\t\t\t<div class=\"elementor-element elementor-element-80990df elementor-widget elementor-widget-n-accordion\" data-id=\"80990df\" data-element_type=\"widget\" data-e-type=\"widget\" data-settings=\"{&quot;default_state&quot;:&quot;all_collapsed&quot;,&quot;max_items_expended&quot;:&quot;one&quot;,&quot;n_accordion_animation_duration&quot;:{&quot;unit&quot;:&quot;ms&quot;,&quot;size&quot;:400,&quot;sizes&quot;:[]}}\" data-widget_type=\"nested-accordion.default\">\n\t\t\t\t\t\t\t<div class=\"e-n-accordion\" aria-label=\"Accordion. Open links with Enter or Space, close with Escape, and navigate with Arrow Keys\">\n\t\t\t\t\t\t<details id=\"e-n-accordion-item-1340\" class=\"e-n-accordion-item\" >\n\t\t\t\t<summary class=\"e-n-accordion-item-title\" data-accordion-index=\"1\" tabindex=\"0\" aria-expanded=\"false\" aria-controls=\"e-n-accordion-item-1340\" >\n\t\t\t\t\t<span class='e-n-accordion-item-title-header'><div class=\"e-n-accordion-item-title-text\"> Biography <\/div><\/span>\n\t\t\t\t\t\t\t<span class='e-n-accordion-item-title-icon'>\n\t\t\t<span class='e-opened' ><i aria-hidden=\"true\" class=\"lqd-icn-ess icon-ion-ios-close\"><\/i><\/span>\n\t\t\t<span class='e-closed'><svg aria-hidden=\"true\" class=\"e-font-icon-svg e-fas-arrow-down\" viewBox=\"0 0 448 512\" xmlns=\"http:\/\/www.w3.org\/2000\/svg\"><path d=\"M413.1 222.5l22.2 22.2c9.4 9.4 9.4 24.6 0 33.9L241 473c-9.4 9.4-24.6 9.4-33.9 0L12.7 278.6c-9.4-9.4-9.4-24.6 0-33.9l22.2-22.2c9.5-9.5 25-9.3 34.3.4L184 343.4V56c0-13.3 10.7-24 24-24h32c13.3 0 24 10.7 24 24v287.4l114.8-120.5c9.3-9.8 24.8-10 34.3-.4z\"><\/path><\/svg><\/span>\n\t\t<\/span>\n\n\t\t\t\t\t\t<\/summary>\n\t\t\t\t<div role=\"region\" aria-labelledby=\"e-n-accordion-item-1340\" class=\"elementor-element elementor-element-e30a353 e-con-full e-flex e-con e-child\" data-id=\"e30a353\" data-element_type=\"container\" data-e-type=\"container\">\n\t\t\t\t<div class=\"elementor-element elementor-element-6613eb8 elementor-widget elementor-widget-text-editor\" data-id=\"6613eb8\" data-element_type=\"widget\" data-e-type=\"widget\" data-widget_type=\"text-editor.default\">\n\t\t\t\t\t\t\t\t\t<p style=\"text-align: justify;\">Eudald Corominas graduated in Film and Audiovisual Media from ESCAC. His professional career has developed in both fiction and documentary, taking on increasing responsibilities within production teams.<\/p><p style=\"text-align: justify;\">In 2024, he completed a Master\u2019s degree in Executive Audiovisual Production at Blanquerna \/ PROA and joined the production company Un Capricho de Producciones, thus consolidating his profile as an executive producer.<\/p><p style=\"text-align: justify;\">He has worked as production manager and head of production on projects such as the feature film <em>Al cim<\/em> (Ignasi Gisbert, 2024) and the international documentaries <em>Shevchenko: A Letter from Ukraine<\/em> (2023) and <em>Castells de ci\u00e8ncia<\/em> (Carles Cort\u00e9s, 2026).<\/p><p style=\"text-align: justify;\">As a director, he has made several commercials and short films, such as <em>Her\u00e8ncia<\/em> (2021), and has recently taken on the direction of the documentary <em>Els Sons de la Diada<\/em> (La Xarxa+ \/ 3Cat \/ RTVE, 2026).<\/p><p style=\"text-align: justify;\">He currently combines his work as a director and producer with the development of new audiovisual projects.<\/p>\t\t\t\t\t\t\t\t<\/div>\n\t\t\t\t<\/div>\n\t\t\t\t\t<\/details>\n\t\t\t\t\t<\/div>\n\t\t\t\t\t\t<\/div>\n\t\t\t\t\t<\/div>\n\t\t<\/div>\n\t\t\t\t\t<\/div>\n\t\t<\/section>\n\t\t\t\t<section class=\"elementor-section elementor-inner-section elementor-element elementor-element-becaf00 elementor-section-boxed elementor-section-height-default elementor-section-height-default\" data-id=\"becaf00\" data-element_type=\"section\" data-e-type=\"section\">\n\t\t\t\t\t\t<div class=\"elementor-container elementor-column-gap-default\">\n\t\t\t\t\t<div class=\"elementor-column elementor-col-50 elementor-inner-column elementor-element elementor-element-27ecdf8\" data-id=\"27ecdf8\" data-element_type=\"column\" data-e-type=\"column\">\n\t\t\t<div class=\"elementor-widget-wrap\">\n\t\t\t\t\t\t\t<\/div>\n\t\t<\/div>\n\t\t\t\t<div class=\"elementor-column elementor-col-50 elementor-inner-column elementor-element elementor-element-33bddcc\" data-id=\"33bddcc\" data-element_type=\"column\" data-e-type=\"column\">\n\t\t\t<div class=\"elementor-widget-wrap\">\n\t\t\t\t\t\t\t<\/div>\n\t\t<\/div>\n\t\t\t\t\t<\/div>\n\t\t<\/section>\n\t\t\t\t\t<\/div>\n\t\t<\/div>\n\t\t\t\t\t<\/div>\n\t\t<\/section>\n\t\t\t\t<\/div>\n\t\t","protected":false},"excerpt":{"rendered":"<p>UN CAPRICHO DE PRODUCCIONES is an independent production company based in Barcelona and Tarragona. Founded in 2008 by David Fern\u00e1ndez, Edu Soto and Santi Su\u00e1rez, it took off in 2015 with the arrival of Bel\u00e9n S\u00e1nchez as a partner. Over the course of nearly twenty years, we have had the opportunity to work with leading [&hellip;]<\/p>\n","protected":false},"author":1,"featured_media":0,"parent":0,"menu_order":2,"comment_status":"closed","ping_status":"closed","template":"elementor_header_footer","meta":{"_monsterinsights_skip_tracking":false,"_monsterinsights_sitenote_active":false,"_monsterinsights_sitenote_note":"","_monsterinsights_sitenote_category":0,"footnotes":""},"class_list":["post-5185","page","type-page","status-publish","hentry"],"aioseo_notices":[],"_links":{"self":[{"href":"https:\/\/uncaprichoproducciones.com\/en\/wp-json\/wp\/v2\/pages\/5185","targetHints":{"allow":["GET"]}}],"collection":[{"href":"https:\/\/uncaprichoproducciones.com\/en\/wp-json\/wp\/v2\/pages"}],"about":[{"href":"https:\/\/uncaprichoproducciones.com\/en\/wp-json\/wp\/v2\/types\/page"}],"author":[{"embeddable":true,"href":"https:\/\/uncaprichoproducciones.com\/en\/wp-json\/wp\/v2\/users\/1"}],"replies":[{"embeddable":true,"href":"https:\/\/uncaprichoproducciones.com\/en\/wp-json\/wp\/v2\/comments?post=5185"}],"version-history":[{"count":24,"href":"https:\/\/uncaprichoproducciones.com\/en\/wp-json\/wp\/v2\/pages\/5185\/revisions"}],"predecessor-version":[{"id":9177,"href":"https:\/\/uncaprichoproducciones.com\/en\/wp-json\/wp\/v2\/pages\/5185\/revisions\/9177"}],"wp:attachment":[{"href":"https:\/\/uncaprichoproducciones.com\/en\/wp-json\/wp\/v2\/media?parent=5185"}],"curies":[{"name":"wp","href":"https:\/\/api.w.org\/{rel}","templated":true}]}}