{"id":5293,"date":"2021-10-11T09:16:47","date_gmt":"2021-10-11T07:16:47","guid":{"rendered":"https:\/\/uncaprichoproducciones.online\/un-capricho-homepage\/"},"modified":"2026-04-07T11:52:20","modified_gmt":"2026-04-07T09:52:20","slug":"un-capricho-homepage","status":"publish","type":"page","link":"https:\/\/uncaprichoproducciones.com\/en\/","title":{"rendered":"Un capricho Home"},"content":{"rendered":"\t\t<div data-elementor-type=\"wp-page\" data-elementor-id=\"5293\" class=\"elementor elementor-5293 elementor-3870\" data-elementor-post-type=\"page\">\n\t\t\t\t\t\t<section class=\"elementor-section elementor-top-section elementor-element elementor-element-57af84e elementor-section-full_width elementor-section-height-min-height elementor-section-height-default elementor-section-items-middle\" data-id=\"57af84e\" data-element_type=\"section\" data-e-type=\"section\">\n\t\t\t\t\t\t<div class=\"elementor-container elementor-column-gap-no\">\n\t\t\t\t\t<div class=\"elementor-column elementor-col-100 elementor-top-column elementor-element elementor-element-03d44c5\" data-id=\"03d44c5\" data-element_type=\"column\" data-e-type=\"column\">\n\t\t\t<div class=\"elementor-widget-wrap elementor-element-populated\">\n\t\t\t\t\t\t<div class=\"elementor-element elementor-element-41420c8 elementor-widget elementor-widget-ld_animated_frame\" data-id=\"41420c8\" data-element_type=\"widget\" data-e-type=\"widget\" data-widget_type=\"ld_animated_frame.default\">\n\t\t\t\t<div class=\"elementor-widget-container\">\n\t\t\t\t\t\t\t<div class=\"lqd-af w-100 h-vh-100 pos-rel overflow-hidden\" data-liquid-animatedframes=\"true\"  data-af-options='{\"scrollable\":true,\"forceDisablingWindowScroll\":true,\"autoplay\":true,\"autoplayTimeout\":5000}'>\n\t\t\t<div class=\"lqd-af-slides lqd-overlay\">\n\n\t\t\t\n\t\t\t\t<div class=\"lqd-af-slide d-flex flex-column align-items-center justify-content-center lqd-overlay overflow-hidden elementor-repeater-item-11f8bb1\">\n\n\t\t\t\t\t<div class=\"lqd-af-slide__img lqd-overlay overflow-hidden will-change-transform\">\n\t\t\t\t\t\t<div class=\"lqd-af-slide__img__inner w-100 h-100 overflow-hidden will-change-transform\">\n\t\t\t\t\t\t\t<figure class=\"w-100 h-100 overflow-hidden will-change-transform\"><img decoding=\"async\" class=\"w-100 h-100 objfit-cover objpos-center\" src=\"https:\/\/uncaprichoproducciones.com\/wp-content\/uploads\/2026\/01\/02_NomadShadow.jpg\" alt=\"Nomad Shadow\" \/><span class=\"lqd-overlay\"><\/span><\/figure>\t\t\t\t\t\t\t<span class=\"lqd-overlay liquid-overlay-link\"><\/span>\n\t\t\t\t\t\t<\/div>\n\t\t\t\t\t<\/div>\n\n\t\t\t\t\t<div class=\"lqd-af-slide__content w-100 pos-rel z-index-5\">\n\t\t\t\t\t\t<h3 class=\"lqd-af-slide__title d-flex flex-wrap pos-rel \" data-split-text=\"true\" data-split-options='{ \"type\": \"lines\" }'>Nomad Shadow<\/h3><p class=\"lqd-af-slide__desc pos-rel\" data-split-text=\"true\" data-split-options='{ \"type\": \"lines\" }'>Directed by Eimi Imanishi<\/p>\t\t\t\t\t\t<div class=\"lqd-af-slide__link\">\n\t\t\t\t\t\t\t\t\t\t<a href=\"https:\/\/uncaprichoproducciones.com\/portfolio\/nomad-shadow\/\" class=\"btn btn-naked\">\n\t\t\t\t<span>\n\t\t\t\t\t<span class=\"btn-txt\">Go to project<\/span>\n\t\t\t\t\t<span class=\"btn-icon\">\n\t\t\t\t\t\t<svg xmlns=\"http:\/\/www.w3.org\/2000\/svg\" width=\"32\" height=\"32\" viewBox=\"0 0 32 32\" style=\"height: 1em;\"><path fill=\"currentColor\" d=\"M17.806 25.788l8.631-8.375c.375-.363.563-.857.563-1.4v-.025c0-.544-.188-1.038-.563-1.4l-8.63-8.375c-.75-.782-1.957-.782-2.7 0s-.745 2.043 0 2.825L20.293 14H6.919C5.856 14 5 14.894 5 16c0 1.125.856 2 1.912 2h13.375L15.1 22.963a2.067 2.067 0 0 0 0 2.824c.75.782 1.956.782 2.706 0z\"><\/path><\/svg>\n\t\t\t\t\t<\/span>\n\t\t\t\t<\/span>\n\t\t\t<\/a>\n\t\t\t\t\t\t\t\t<\/div>\n\t\t\t\t\t\t<!-- for custom cursor arrow -->\n\t\t\t\t\t\t\t\t\t\t\t\t\t<a href=\"https:\/\/uncaprichoproducciones.com\/portfolio\/nomad-shadow\/\" class=\"lqd-overlay z-index-5\"><\/a>\n\t\t\t\t\t\t\t\t\t\t\t<\/div>\n\n\t\t\t\t\t\t\t\t\t\t\t<a href=\"https:\/\/uncaprichoproducciones.com\/portfolio\/nomad-shadow\/\" class=\"lqd-overlay z-index-4\"><\/a>\n\t\t\t\t\t\n\t\t\t\t<\/div>\n\n\t\t\t\t\n\t\t\t\t<div class=\"lqd-af-slide d-flex flex-column align-items-center justify-content-center lqd-overlay overflow-hidden elementor-repeater-item-3fbfe07\">\n\n\t\t\t\t\t<div class=\"lqd-af-slide__img lqd-overlay overflow-hidden will-change-transform\">\n\t\t\t\t\t\t<div class=\"lqd-af-slide__img__inner w-100 h-100 overflow-hidden will-change-transform\">\n\t\t\t\t\t\t\t<figure class=\"w-100 h-100 overflow-hidden will-change-transform\"><img decoding=\"async\" class=\"w-100 h-100 objfit-cover objpos-center\" src=\"https:\/\/uncaprichoproducciones.com\/wp-content\/uploads\/2026\/01\/POSTER_CANALLA.jpg\" alt=\"Canalla. El pom de dalt\" \/><span class=\"lqd-overlay\"><\/span><\/figure>\t\t\t\t\t\t\t<span class=\"lqd-overlay liquid-overlay-link\"><\/span>\n\t\t\t\t\t\t<\/div>\n\t\t\t\t\t<\/div>\n\n\t\t\t\t\t<div class=\"lqd-af-slide__content w-100 pos-rel z-index-5\">\n\t\t\t\t\t\t<h3 class=\"lqd-af-slide__title d-flex flex-wrap pos-rel \" data-split-text=\"true\" data-split-options='{ \"type\": \"lines\" }'>Canalla. El pom de dalt<\/h3><p class=\"lqd-af-slide__desc pos-rel\" data-split-text=\"true\" data-split-options='{ \"type\": \"lines\" }'>Directed by Jordi Sacristan<\/p>\t\t\t\t\t\t<div class=\"lqd-af-slide__link\">\n\t\t\t\t\t\t\t\t\t\t<a href=\"https:\/\/uncaprichoproducciones.com\/portfolio\/canalla-el-pom-de-dalt\/\" class=\"btn btn-naked\">\n\t\t\t\t<span>\n\t\t\t\t\t<span class=\"btn-txt\">Go to project<\/span>\n\t\t\t\t\t<span class=\"btn-icon\">\n\t\t\t\t\t\t<svg xmlns=\"http:\/\/www.w3.org\/2000\/svg\" width=\"32\" height=\"32\" viewBox=\"0 0 32 32\" style=\"height: 1em;\"><path fill=\"currentColor\" d=\"M17.806 25.788l8.631-8.375c.375-.363.563-.857.563-1.4v-.025c0-.544-.188-1.038-.563-1.4l-8.63-8.375c-.75-.782-1.957-.782-2.7 0s-.745 2.043 0 2.825L20.293 14H6.919C5.856 14 5 14.894 5 16c0 1.125.856 2 1.912 2h13.375L15.1 22.963a2.067 2.067 0 0 0 0 2.824c.75.782 1.956.782 2.706 0z\"><\/path><\/svg>\n\t\t\t\t\t<\/span>\n\t\t\t\t<\/span>\n\t\t\t<\/a>\n\t\t\t\t\t\t\t\t<\/div>\n\t\t\t\t\t\t<!-- for custom cursor arrow -->\n\t\t\t\t\t\t\t\t\t\t\t\t\t<a href=\"https:\/\/uncaprichoproducciones.com\/portfolio\/canalla-el-pom-de-dalt\/\" class=\"lqd-overlay z-index-5\"><\/a>\n\t\t\t\t\t\t\t\t\t\t\t<\/div>\n\n\t\t\t\t\t\t\t\t\t\t\t<a href=\"https:\/\/uncaprichoproducciones.com\/portfolio\/canalla-el-pom-de-dalt\/\" class=\"lqd-overlay z-index-4\"><\/a>\n\t\t\t\t\t\n\t\t\t\t<\/div>\n\n\t\t\t\t\n\t\t\t\t<div class=\"lqd-af-slide d-flex flex-column align-items-center justify-content-center lqd-overlay overflow-hidden elementor-repeater-item-98e93b6\">\n\n\t\t\t\t\t<div class=\"lqd-af-slide__img lqd-overlay overflow-hidden will-change-transform\">\n\t\t\t\t\t\t<div class=\"lqd-af-slide__img__inner w-100 h-100 overflow-hidden will-change-transform\">\n\t\t\t\t\t\t\t<figure class=\"w-100 h-100 overflow-hidden will-change-transform\"><img decoding=\"async\" class=\"w-100 h-100 objfit-cover objpos-center\" src=\"https:\/\/uncaprichoproducciones.com\/wp-content\/uploads\/2026\/01\/09_Secaderos.jpg\" alt=\"Tobacco Barns\" \/><span class=\"lqd-overlay\"><\/span><\/figure>\t\t\t\t\t\t\t<span class=\"lqd-overlay liquid-overlay-link\"><\/span>\n\t\t\t\t\t\t<\/div>\n\t\t\t\t\t<\/div>\n\n\t\t\t\t\t<div class=\"lqd-af-slide__content w-100 pos-rel z-index-5\">\n\t\t\t\t\t\t<h3 class=\"lqd-af-slide__title d-flex flex-wrap pos-rel \" data-split-text=\"true\" data-split-options='{ \"type\": \"lines\" }'>Tobacco Barns<\/h3><p class=\"lqd-af-slide__desc pos-rel\" data-split-text=\"true\" data-split-options='{ \"type\": \"lines\" }'>Directed by Roc\u00edo Mesa<\/p>\t\t\t\t\t\t<div class=\"lqd-af-slide__link\">\n\t\t\t\t\t\t\t\t\t\t<a href=\"https:\/\/uncaprichoproducciones.com\/portfolio\/secaderos\/\" class=\"btn btn-naked\">\n\t\t\t\t<span>\n\t\t\t\t\t<span class=\"btn-txt\">Go to project<\/span>\n\t\t\t\t\t<span class=\"btn-icon\">\n\t\t\t\t\t\t<svg xmlns=\"http:\/\/www.w3.org\/2000\/svg\" width=\"32\" height=\"32\" viewBox=\"0 0 32 32\" style=\"height: 1em;\"><path fill=\"currentColor\" d=\"M17.806 25.788l8.631-8.375c.375-.363.563-.857.563-1.4v-.025c0-.544-.188-1.038-.563-1.4l-8.63-8.375c-.75-.782-1.957-.782-2.7 0s-.745 2.043 0 2.825L20.293 14H6.919C5.856 14 5 14.894 5 16c0 1.125.856 2 1.912 2h13.375L15.1 22.963a2.067 2.067 0 0 0 0 2.824c.75.782 1.956.782 2.706 0z\"><\/path><\/svg>\n\t\t\t\t\t<\/span>\n\t\t\t\t<\/span>\n\t\t\t<\/a>\n\t\t\t\t\t\t\t\t<\/div>\n\t\t\t\t\t\t<!-- for custom cursor arrow -->\n\t\t\t\t\t\t\t\t\t\t\t\t\t<a href=\"https:\/\/uncaprichoproducciones.com\/portfolio\/secaderos\/\" class=\"lqd-overlay z-index-5\"><\/a>\n\t\t\t\t\t\t\t\t\t\t\t<\/div>\n\n\t\t\t\t\t\t\t\t\t\t\t<a href=\"https:\/\/uncaprichoproducciones.com\/portfolio\/secaderos\/\" class=\"lqd-overlay z-index-4\"><\/a>\n\t\t\t\t\t\n\t\t\t\t<\/div>\n\n\t\t\t\t\n\t\t\t\t<div class=\"lqd-af-slide d-flex flex-column align-items-center justify-content-center lqd-overlay overflow-hidden elementor-repeater-item-bc9a49f\">\n\n\t\t\t\t\t<div class=\"lqd-af-slide__img lqd-overlay overflow-hidden will-change-transform\">\n\t\t\t\t\t\t<div class=\"lqd-af-slide__img__inner w-100 h-100 overflow-hidden will-change-transform\">\n\t\t\t\t\t\t\t<figure class=\"w-100 h-100 overflow-hidden will-change-transform\"><img decoding=\"async\" class=\"w-100 h-100 objfit-cover objpos-center\" src=\"https:\/\/uncaprichoproducciones.com\/wp-content\/uploads\/2025\/10\/Cartel_TSLigero_A4_LAURELES.png\" alt=\"So utterly light\" \/><span class=\"lqd-overlay\"><\/span><\/figure>\t\t\t\t\t\t\t<span class=\"lqd-overlay liquid-overlay-link\"><\/span>\n\t\t\t\t\t\t<\/div>\n\t\t\t\t\t<\/div>\n\n\t\t\t\t\t<div class=\"lqd-af-slide__content w-100 pos-rel z-index-5\">\n\t\t\t\t\t\t<h3 class=\"lqd-af-slide__title d-flex flex-wrap pos-rel \" data-split-text=\"true\" data-split-options='{ \"type\": \"lines\" }'>So utterly light<\/h3><p class=\"lqd-af-slide__desc pos-rel\" data-split-text=\"true\" data-split-options='{ \"type\": \"lines\" }'>Directed by Santi Su\u00e1rez-Baldr\u00eds<\/p>\t\t\t\t\t\t<div class=\"lqd-af-slide__link\">\n\t\t\t\t\t\t\t\t\t\t<a href=\"https:\/\/uncaprichoproducciones.com\/portfolio\/tan-sumamente-ligero\/\" class=\"btn btn-naked\">\n\t\t\t\t<span>\n\t\t\t\t\t<span class=\"btn-txt\">Go to project<\/span>\n\t\t\t\t\t<span class=\"btn-icon\">\n\t\t\t\t\t\t<svg xmlns=\"http:\/\/www.w3.org\/2000\/svg\" width=\"32\" height=\"32\" viewBox=\"0 0 32 32\" style=\"height: 1em;\"><path fill=\"currentColor\" d=\"M17.806 25.788l8.631-8.375c.375-.363.563-.857.563-1.4v-.025c0-.544-.188-1.038-.563-1.4l-8.63-8.375c-.75-.782-1.957-.782-2.7 0s-.745 2.043 0 2.825L20.293 14H6.919C5.856 14 5 14.894 5 16c0 1.125.856 2 1.912 2h13.375L15.1 22.963a2.067 2.067 0 0 0 0 2.824c.75.782 1.956.782 2.706 0z\"><\/path><\/svg>\n\t\t\t\t\t<\/span>\n\t\t\t\t<\/span>\n\t\t\t<\/a>\n\t\t\t\t\t\t\t\t<\/div>\n\t\t\t\t\t\t<!-- for custom cursor arrow -->\n\t\t\t\t\t\t\t\t\t\t\t\t\t<a href=\"https:\/\/uncaprichoproducciones.com\/portfolio\/tan-sumamente-ligero\/\" class=\"lqd-overlay z-index-5\"><\/a>\n\t\t\t\t\t\t\t\t\t\t\t<\/div>\n\n\t\t\t\t\t\t\t\t\t\t\t<a href=\"https:\/\/uncaprichoproducciones.com\/portfolio\/tan-sumamente-ligero\/\" class=\"lqd-overlay z-index-4\"><\/a>\n\t\t\t\t\t\n\t\t\t\t<\/div>\n\n\t\t\t\t\t\t\t<\/div>\n\n\t\t\t<nav class=\"lqd-af-slidenav d-inline-flex pos-abs z-index-5 text-center\">\n\t\t\t\t<button class=\"lqd-af-slidenav__item lqd-af-slidenav__item--prev d-inline-flex align-items-center justify-content-center pos-rel\">\n\t\t\t\t\t<svg xmlns=\"http:\/\/www.w3.org\/2000\/svg\" width=\"21\" height=\"32\" viewBox=\"0 0 21 32\" style=\"width: 1em; height: 1em;\"><path d=\"M10.5 18.375l7.938-7.938c.562-.562 1.562-.562 2.125 0s.562 1.563 0 2.126l-9 9c-.563.562-1.5.625-2.063.062L.437 12.562C.126 12.25 0 11.876 0 11.5s.125-.75.438-1.063c.562-.562 1.562-.562 2.124 0z\" fill=\"currentColor\"><\/path><\/svg>\n\t\t\t\t<\/button>\n\t\t\t\t<button class=\"lqd-af-slidenav__item lqd-af-slidenav__item--next d-inline-flex align-items-center justify-content-center pos-rel\">\n\t\t\t\t\t<svg xmlns=\"http:\/\/www.w3.org\/2000\/svg\" width=\"21\" height=\"32\" viewBox=\"0 0 21 32\" style=\"width: 1em; height: 1em;\"><path d=\"M10.5 13.625l-7.938 7.938c-.562.562-1.562.562-2.124 0C.124 21.25 0 20.875 0 20.5s.125-.75.438-1.063L9.5 10.376c.563-.563 1.5-.5 2.063.063l9 9c.562.562.562 1.562 0 2.125s-1.563.562-2.125 0z\" fill=\"currentColor\"><\/path><\/svg>\n\t\t\t\t<\/button>\n\t\t\t<\/nav>\n\n\t\t\t<div class=\"lqd-af-slidenum pos-abs\">\n\t\t\t\t<span class=\"lqd-af-slidenum__line lqd-af-slidenum__line--before d-inline-flex align-items-center\"><\/span>\n\t\t\t\t<div class=\"lqd-af-slidenum__nums d-flex align-items-center\">\n\t\t\t\t\t<span class=\"lqd-af-slidenum__current d-inline-flex align-items-center pos-rel overflow-hidden\">\n\t\t\t\t\t\t<span class=\"pos-abs pos-tl\">\n\t\t\t\t\t\t\t\t\t\t\t\t\t\t\t<span class=\"d-flex align-items-center justify-content-center\">1<\/span>\n\t\t\t\t\t\t\t\t\t\t\t\t\t\t\t<span class=\"d-flex align-items-center justify-content-center\">2<\/span>\n\t\t\t\t\t\t\t\t\t\t\t\t\t\t\t<span class=\"d-flex align-items-center justify-content-center\">3<\/span>\n\t\t\t\t\t\t\t\t\t\t\t\t\t\t\t<span class=\"d-flex align-items-center justify-content-center\">4<\/span>\n\t\t\t\t\t\t\t\t\t\t\t\t\t<\/span>\n\t\t\t\t\t<\/span>\n\t\t\t\t\t<span class=\"lqd-af-slidenum__divider\">\/<\/span>\n\t\t\t\t\t<span class=\"lqd-af-slidenum__total d-inline-flex align-items-center\">4<\/span>\n\t\t\t\t<\/div>\n\t\t\t\t<span class=\"lqd-af-slidenum__line lqd-af-slidenum__line--after d-inline-flex align-items-center\"><\/span>\n\t\t\t<\/div>\n\n\t\t<\/div>\n\n\t\t\t\t\t\t<\/div>\n\t\t\t\t<\/div>\n\t\t\t\t\t<\/div>\n\t\t<\/div>\n\t\t\t\t\t<\/div>\n\t\t<\/section>\n\t\t\t\t<\/div>\n\t\t","protected":false},"excerpt":{"rendered":"<p>Nomad Shadow Directed by Eimi Imanishi Go to project Canalla. El pom de dalt Directed by Jordi Sacristan Go to project Tobacco Barns Directed by Roc\u00edo Mesa Go to project So utterly light Directed by Santi Su\u00e1rez-Baldr\u00eds Go to project 1 2 3 4 \/ 4<\/p>\n","protected":false},"author":1,"featured_media":0,"parent":0,"menu_order":0,"comment_status":"closed","ping_status":"closed","template":"elementor_header_footer","meta":{"_monsterinsights_skip_tracking":false,"_monsterinsights_sitenote_active":false,"_monsterinsights_sitenote_note":"","_monsterinsights_sitenote_category":0,"footnotes":""},"class_list":["post-5293","page","type-page","status-publish","hentry"],"aioseo_notices":[],"_links":{"self":[{"href":"https:\/\/uncaprichoproducciones.com\/en\/wp-json\/wp\/v2\/pages\/5293","targetHints":{"allow":["GET"]}}],"collection":[{"href":"https:\/\/uncaprichoproducciones.com\/en\/wp-json\/wp\/v2\/pages"}],"about":[{"href":"https:\/\/uncaprichoproducciones.com\/en\/wp-json\/wp\/v2\/types\/page"}],"author":[{"embeddable":true,"href":"https:\/\/uncaprichoproducciones.com\/en\/wp-json\/wp\/v2\/users\/1"}],"replies":[{"embeddable":true,"href":"https:\/\/uncaprichoproducciones.com\/en\/wp-json\/wp\/v2\/comments?post=5293"}],"version-history":[{"count":16,"href":"https:\/\/uncaprichoproducciones.com\/en\/wp-json\/wp\/v2\/pages\/5293\/revisions"}],"predecessor-version":[{"id":8675,"href":"https:\/\/uncaprichoproducciones.com\/en\/wp-json\/wp\/v2\/pages\/5293\/revisions\/8675"}],"wp:attachment":[{"href":"https:\/\/uncaprichoproducciones.com\/en\/wp-json\/wp\/v2\/media?parent=5293"}],"curies":[{"name":"wp","href":"https:\/\/api.w.org\/{rel}","templated":true}]}}